{"id":5585,"date":"2021-11-17T13:44:31","date_gmt":"2021-11-17T12:44:31","guid":{"rendered":"https:\/\/vagarykalon.com\/talismanic\/"},"modified":"2022-05-12T16:22:10","modified_gmt":"2022-05-12T14:22:10","slug":"talismanic","status":"publish","type":"page","link":"https:\/\/vagarykalon.com\/es\/talismanic\/","title":{"rendered":"Talismanic Collection"},"content":{"rendered":"\t\t<div data-elementor-type=\"wp-page\" data-elementor-id=\"5585\" class=\"elementor elementor-5585 elementor-3392\">\n\t\t\t\t\t\t<section class=\"elementor-section elementor-top-section elementor-element elementor-element-be17b48 elementor-section-boxed elementor-section-height-default elementor-section-height-default wpr-particle-no wpr-jarallax-no wpr-parallax-no wpr-sticky-section-no\" data-id=\"be17b48\" data-element_type=\"section\" data-e-type=\"section\">\n\t\t\t\t\t\t<div class=\"elementor-container elementor-column-gap-custom\">\n\t\t\t\t\t<div class=\"elementor-column elementor-col-50 elementor-top-column elementor-element elementor-element-cea7189\" data-id=\"cea7189\" data-element_type=\"column\" data-e-type=\"column\">\n\t\t\t<div class=\"elementor-widget-wrap elementor-element-populated\">\n\t\t\t\t\t\t<div class=\"elementor-element elementor-element-81e5241 elementor-widget elementor-widget-image\" data-id=\"81e5241\" data-element_type=\"widget\" data-e-type=\"widget\" data-widget_type=\"image.default\">\n\t\t\t\t<div class=\"elementor-widget-container\">\n\t\t\t\t\t\t\t\t\t\t\t\t\t\t\t<img fetchpriority=\"high\" decoding=\"async\" width=\"527\" height=\"613\" src=\"https:\/\/vagarykalon.com\/wp-content\/uploads\/2022\/01\/talismanic-vagary-kalon.png\" class=\"attachment-full size-full wp-image-5392\" alt=\"\" srcset=\"https:\/\/vagarykalon.com\/wp-content\/uploads\/2022\/01\/talismanic-vagary-kalon.png 527w, https:\/\/vagarykalon.com\/wp-content\/uploads\/2022\/01\/talismanic-vagary-kalon-120x140.png 120w, https:\/\/vagarykalon.com\/wp-content\/uploads\/2022\/01\/talismanic-vagary-kalon-258x300.png 258w\" sizes=\"(max-width: 527px) 100vw, 527px\" \/>\t\t\t\t\t\t\t\t\t\t\t\t\t\t\t<\/div>\n\t\t\t\t<\/div>\n\t\t\t\t\t<\/div>\n\t\t<\/div>\n\t\t\t\t<div class=\"elementor-column elementor-col-50 elementor-top-column elementor-element elementor-element-5ef0165\" data-id=\"5ef0165\" data-element_type=\"column\" data-e-type=\"column\">\n\t\t\t<div class=\"elementor-widget-wrap elementor-element-populated\">\n\t\t\t\t\t\t<div class=\"elementor-element elementor-element-8121ed4 elementor-widget elementor-widget-heading\" data-id=\"8121ed4\" data-element_type=\"widget\" data-e-type=\"widget\" data-widget_type=\"heading.default\">\n\t\t\t\t<div class=\"elementor-widget-container\">\n\t\t\t\t\t<h1 class=\"elementor-heading-title elementor-size-default\">EXPERIENCIA TALISM\u00c1NICA<\/h1>\t\t\t\t<\/div>\n\t\t\t\t<\/div>\n\t\t\t\t<div class=\"elementor-element elementor-element-8586786 elementor-widget elementor-widget-text-editor\" data-id=\"8586786\" data-element_type=\"widget\" data-e-type=\"widget\" data-widget_type=\"text-editor.default\">\n\t\t\t\t<div class=\"elementor-widget-container\">\n\t\t\t\t\t\t\t\t\t<p>Vamos mucho m\u00e1s all\u00e1 de hacer prendas hermosas.<\/p>\t\t\t\t\t\t\t\t<\/div>\n\t\t\t\t<\/div>\n\t\t\t\t<div class=\"elementor-element elementor-element-9a2d145 elementor-widget elementor-widget-text-editor\" data-id=\"9a2d145\" data-element_type=\"widget\" data-e-type=\"widget\" data-widget_type=\"text-editor.default\">\n\t\t\t\t<div class=\"elementor-widget-container\">\n\t\t\t\t\t\t\t\t\t<p style=\"text-align: right;\">Nuestra marca te inspirar\u00e1 a explorar nuevos \u00e1mbitos de la moda &#8230; lo que cuenta no son las tendencias, eres tu! Nuestra misi\u00f3n es guiarte a trav\u00e9s de un viaje maravilloso para descubrir tus poderes internos. Queremos que descubras la diosa que llevas dentro.<\/p>\t\t\t\t\t\t\t\t<\/div>\n\t\t\t\t<\/div>\n\t\t\t\t<div class=\"elementor-element elementor-element-d777016 elementor-widget elementor-widget-text-editor\" data-id=\"d777016\" data-element_type=\"widget\" data-e-type=\"widget\" data-widget_type=\"text-editor.default\">\n\t\t\t\t<div class=\"elementor-widget-container\">\n\t\t\t\t\t\t\t\t\t<p>Tu eres la Musa de VK.<\/p>\t\t\t\t\t\t\t\t<\/div>\n\t\t\t\t<\/div>\n\t\t\t\t\t<\/div>\n\t\t<\/div>\n\t\t\t\t\t<\/div>\n\t\t<\/section>\n\t\t\t\t<section class=\"elementor-section elementor-top-section elementor-element elementor-element-055cc49 elementor-section-full_width elementor-section-stretched elementor-section-height-default elementor-section-height-default wpr-particle-no wpr-jarallax-no wpr-parallax-no wpr-sticky-section-no\" data-id=\"055cc49\" data-element_type=\"section\" data-e-type=\"section\" data-settings=\"{&quot;stretch_section&quot;:&quot;section-stretched&quot;}\">\n\t\t\t\t\t\t<div class=\"elementor-container elementor-column-gap-default\">\n\t\t\t\t\t<div class=\"elementor-column elementor-col-100 elementor-top-column elementor-element elementor-element-5259f7e\" data-id=\"5259f7e\" data-element_type=\"column\" data-e-type=\"column\">\n\t\t\t<div class=\"elementor-widget-wrap elementor-element-populated\">\n\t\t\t\t\t\t<div class=\"elementor-element elementor-element-592091b elementor-widget elementor-widget-image\" data-id=\"592091b\" data-element_type=\"widget\" data-e-type=\"widget\" data-widget_type=\"image.default\">\n\t\t\t\t<div class=\"elementor-widget-container\">\n\t\t\t\t\t\t\t\t\t\t\t\t\t\t\t<img decoding=\"async\" width=\"1920\" height=\"510\" src=\"https:\/\/vagarykalon.com\/wp-content\/uploads\/2022\/03\/05_VAGARY_TALISMANIC-_02.png\" class=\"attachment-full size-full wp-image-5499\" alt=\"\" srcset=\"https:\/\/vagarykalon.com\/wp-content\/uploads\/2022\/03\/05_VAGARY_TALISMANIC-_02.png 1920w, https:\/\/vagarykalon.com\/wp-content\/uploads\/2022\/03\/05_VAGARY_TALISMANIC-_02-640x170.png 640w, https:\/\/vagarykalon.com\/wp-content\/uploads\/2022\/03\/05_VAGARY_TALISMANIC-_02-300x80.png 300w, https:\/\/vagarykalon.com\/wp-content\/uploads\/2022\/03\/05_VAGARY_TALISMANIC-_02-1024x272.png 1024w, https:\/\/vagarykalon.com\/wp-content\/uploads\/2022\/03\/05_VAGARY_TALISMANIC-_02-768x204.png 768w, https:\/\/vagarykalon.com\/wp-content\/uploads\/2022\/03\/05_VAGARY_TALISMANIC-_02-1536x408.png 1536w, https:\/\/vagarykalon.com\/wp-content\/uploads\/2022\/03\/05_VAGARY_TALISMANIC-_02-660x175.png 660w\" sizes=\"(max-width: 1920px) 100vw, 1920px\" \/>\t\t\t\t\t\t\t\t\t\t\t\t\t\t\t<\/div>\n\t\t\t\t<\/div>\n\t\t\t\t\t<\/div>\n\t\t<\/div>\n\t\t\t\t\t<\/div>\n\t\t<\/section>\n\t\t\t\t<section class=\"elementor-section elementor-top-section elementor-element elementor-element-73b369e elementor-section-content-middle elementor-section-boxed elementor-section-height-default elementor-section-height-default wpr-particle-no wpr-jarallax-no wpr-parallax-no wpr-sticky-section-no\" data-id=\"73b369e\" data-element_type=\"section\" data-e-type=\"section\">\n\t\t\t\t\t\t<div class=\"elementor-container elementor-column-gap-custom\">\n\t\t\t\t\t<div class=\"elementor-column elementor-col-50 elementor-top-column elementor-element elementor-element-023a67e\" data-id=\"023a67e\" data-element_type=\"column\" data-e-type=\"column\">\n\t\t\t<div class=\"elementor-widget-wrap elementor-element-populated\">\n\t\t\t\t\t\t<div class=\"elementor-element elementor-element-16b8521 elementor-widget__width-initial elementor-widget elementor-widget-text-editor\" data-id=\"16b8521\" data-element_type=\"widget\" data-e-type=\"widget\" data-widget_type=\"text-editor.default\">\n\t\t\t\t<div class=\"elementor-widget-container\">\n\t\t\t\t\t\t\t\t\t<p>UN VESTIDO TALISMANICO ES UNA PIEZA DIVINAMENTE HECHA A MANO Y DISE\u00d1ADA \u00daNICAMENTE PARA TI, TOMANDO EN CONSIDERACI\u00d3N TU AURA Y ENERG\u00cdA AS\u00cd COMO LOS DESEOS DE TU ALMA.<\/p>\t\t\t\t\t\t\t\t<\/div>\n\t\t\t\t<\/div>\n\t\t\t\t<div class=\"elementor-element elementor-element-dba4779 elementor-widget elementor-widget-text-editor\" data-id=\"dba4779\" data-element_type=\"widget\" data-e-type=\"widget\" data-widget_type=\"text-editor.default\">\n\t\t\t\t<div class=\"elementor-widget-container\">\n\t\t\t\t\t\t\t\t\t<p>Desde \u20ac 3000.<\/p>\t\t\t\t\t\t\t\t<\/div>\n\t\t\t\t<\/div>\n\t\t\t\t<div class=\"elementor-element elementor-element-c366788 elementor-align-left elementor-widget elementor-widget-button\" data-id=\"c366788\" data-element_type=\"widget\" data-e-type=\"widget\" data-widget_type=\"button.default\">\n\t\t\t\t<div class=\"elementor-widget-container\">\n\t\t\t\t\t\t\t\t\t<div class=\"elementor-button-wrapper\">\n\t\t\t\t\t<a class=\"elementor-button elementor-button-link elementor-size-lg\" href=\"https:\/\/vagarykalon.com\/es\/appoinment\/\">\n\t\t\t\t\t\t<span class=\"elementor-button-content-wrapper\">\n\t\t\t\t\t\t\t\t\t<span class=\"elementor-button-text\">Reservar una cita<\/span>\n\t\t\t\t\t<\/span>\n\t\t\t\t\t<\/a>\n\t\t\t\t<\/div>\n\t\t\t\t\t\t\t\t<\/div>\n\t\t\t\t<\/div>\n\t\t\t\t\t<\/div>\n\t\t<\/div>\n\t\t\t\t<div class=\"elementor-column elementor-col-50 elementor-top-column elementor-element elementor-element-b14040f\" data-id=\"b14040f\" data-element_type=\"column\" data-e-type=\"column\">\n\t\t\t<div class=\"elementor-widget-wrap elementor-element-populated\">\n\t\t\t\t\t\t<div class=\"elementor-element elementor-element-44bfef0 elementor-widget elementor-widget-image\" data-id=\"44bfef0\" data-element_type=\"widget\" data-e-type=\"widget\" data-widget_type=\"image.default\">\n\t\t\t\t<div class=\"elementor-widget-container\">\n\t\t\t\t\t\t\t\t\t\t\t\t\t\t\t<img decoding=\"async\" width=\"1000\" height=\"1200\" src=\"https:\/\/vagarykalon.com\/wp-content\/uploads\/2022\/03\/talismanic-dress.png\" class=\"attachment-full size-full wp-image-5498\" alt=\"\" srcset=\"https:\/\/vagarykalon.com\/wp-content\/uploads\/2022\/03\/talismanic-dress.png 1000w, https:\/\/vagarykalon.com\/wp-content\/uploads\/2022\/03\/talismanic-dress-640x768.png 640w, https:\/\/vagarykalon.com\/wp-content\/uploads\/2022\/03\/talismanic-dress-250x300.png 250w, https:\/\/vagarykalon.com\/wp-content\/uploads\/2022\/03\/talismanic-dress-853x1024.png 853w, https:\/\/vagarykalon.com\/wp-content\/uploads\/2022\/03\/talismanic-dress-768x922.png 768w, https:\/\/vagarykalon.com\/wp-content\/uploads\/2022\/03\/talismanic-dress-660x792.png 660w\" sizes=\"(max-width: 1000px) 100vw, 1000px\" \/>\t\t\t\t\t\t\t\t\t\t\t\t\t\t\t<\/div>\n\t\t\t\t<\/div>\n\t\t\t\t\t<\/div>\n\t\t<\/div>\n\t\t\t\t\t<\/div>\n\t\t<\/section>\n\t\t\t\t<section class=\"elementor-section elementor-top-section elementor-element elementor-element-283e7e9 elementor-section-boxed elementor-section-height-default elementor-section-height-default wpr-particle-no wpr-jarallax-no wpr-parallax-no wpr-sticky-section-no\" data-id=\"283e7e9\" data-element_type=\"section\" data-e-type=\"section\">\n\t\t\t\t\t\t<div class=\"elementor-container elementor-column-gap-default\">\n\t\t\t\t\t<div class=\"elementor-column elementor-col-100 elementor-top-column elementor-element elementor-element-a8fb142\" data-id=\"a8fb142\" data-element_type=\"column\" data-e-type=\"column\">\n\t\t\t<div class=\"elementor-widget-wrap\">\n\t\t\t\t\t\t\t<\/div>\n\t\t<\/div>\n\t\t\t\t\t<\/div>\n\t\t<\/section>\n\t\t\t\t<\/div>\n\t\t","protected":false},"excerpt":{"rendered":"<p>EXPERIENCIA TALISM\u00c1NICA Vamos mucho m\u00e1s all\u00e1 de hacer prendas hermosas. Nuestra marca te inspirar\u00e1 a explorar nuevos \u00e1mbitos de la moda &#8230; lo que cuenta no son las tendencias, eres&hellip;<\/p>\n","protected":false},"author":1,"featured_media":0,"parent":0,"menu_order":0,"comment_status":"closed","ping_status":"closed","template":"templates\/large-container.php","meta":{"footnotes":""},"class_list":["post-5585","page","type-page","status-publish","hentry"],"_links":{"self":[{"href":"https:\/\/vagarykalon.com\/es\/wp-json\/wp\/v2\/pages\/5585","targetHints":{"allow":["GET"]}}],"collection":[{"href":"https:\/\/vagarykalon.com\/es\/wp-json\/wp\/v2\/pages"}],"about":[{"href":"https:\/\/vagarykalon.com\/es\/wp-json\/wp\/v2\/types\/page"}],"author":[{"embeddable":true,"href":"https:\/\/vagarykalon.com\/es\/wp-json\/wp\/v2\/users\/1"}],"replies":[{"embeddable":true,"href":"https:\/\/vagarykalon.com\/es\/wp-json\/wp\/v2\/comments?post=5585"}],"version-history":[{"count":21,"href":"https:\/\/vagarykalon.com\/es\/wp-json\/wp\/v2\/pages\/5585\/revisions"}],"predecessor-version":[{"id":5792,"href":"https:\/\/vagarykalon.com\/es\/wp-json\/wp\/v2\/pages\/5585\/revisions\/5792"}],"wp:attachment":[{"href":"https:\/\/vagarykalon.com\/es\/wp-json\/wp\/v2\/media?parent=5585"}],"curies":[{"name":"wp","href":"https:\/\/api.w.org\/{rel}","templated":true}]}}