{"id":5582,"date":"2022-03-14T08:17:50","date_gmt":"2022-03-14T07:17:50","guid":{"rendered":"https:\/\/vagarykalon.com\/refund-and-returns-policy\/"},"modified":"2022-09-13T18:00:09","modified_gmt":"2022-09-13T16:00:09","slug":"refund-and-returns-policy","status":"publish","type":"page","link":"https:\/\/vagarykalon.com\/es\/refund-and-returns-policy\/","title":{"rendered":"Politica de cambios y devoluciones"},"content":{"rendered":"\t\t<div data-elementor-type=\"wp-page\" data-elementor-id=\"5582\" class=\"elementor elementor-5582 elementor-4822\">\n\t\t\t\t\t\t<section class=\"elementor-section elementor-top-section elementor-element elementor-element-58227ec elementor-section-boxed elementor-section-height-default elementor-section-height-default wpr-particle-no wpr-jarallax-no wpr-parallax-no wpr-sticky-section-no\" data-id=\"58227ec\" data-element_type=\"section\" data-e-type=\"section\">\n\t\t\t\t\t\t<div class=\"elementor-container elementor-column-gap-default\">\n\t\t\t\t\t<div class=\"elementor-column elementor-col-100 elementor-top-column elementor-element elementor-element-0704237\" data-id=\"0704237\" data-element_type=\"column\" data-e-type=\"column\">\n\t\t\t<div class=\"elementor-widget-wrap elementor-element-populated\">\n\t\t\t\t\t\t<div class=\"elementor-element elementor-element-5e4c346 elementor-widget elementor-widget-image\" data-id=\"5e4c346\" data-element_type=\"widget\" data-e-type=\"widget\" data-widget_type=\"image.default\">\n\t\t\t\t<div class=\"elementor-widget-container\">\n\t\t\t\t\t\t\t\t\t\t\t\t\t\t\t<img decoding=\"async\" width=\"201\" height=\"53\" src=\"https:\/\/vagarykalon.com\/wp-content\/uploads\/2022\/02\/stars-plantilla-vk.jpg\" class=\"attachment-full size-full wp-image-5458\" alt=\"\" \/>\t\t\t\t\t\t\t\t\t\t\t\t\t\t\t<\/div>\n\t\t\t\t<\/div>\n\t\t\t\t\t<\/div>\n\t\t<\/div>\n\t\t\t\t\t<\/div>\n\t\t<\/section>\n\t\t\t\t<section class=\"elementor-section elementor-top-section elementor-element elementor-element-04ad4b6 elementor-section-boxed elementor-section-height-default elementor-section-height-default wpr-particle-no wpr-jarallax-no wpr-parallax-no wpr-sticky-section-no\" data-id=\"04ad4b6\" data-element_type=\"section\" data-e-type=\"section\">\n\t\t\t\t\t\t<div class=\"elementor-container elementor-column-gap-default\">\n\t\t\t\t\t<div class=\"elementor-column elementor-col-100 elementor-top-column elementor-element elementor-element-83573dc\" data-id=\"83573dc\" data-element_type=\"column\" data-e-type=\"column\">\n\t\t\t<div class=\"elementor-widget-wrap elementor-element-populated\">\n\t\t\t\t\t\t<div class=\"elementor-element elementor-element-488ef79 elementor-widget elementor-widget-heading\" data-id=\"488ef79\" data-element_type=\"widget\" data-e-type=\"widget\" data-widget_type=\"heading.default\">\n\t\t\t\t<div class=\"elementor-widget-container\">\n\t\t\t\t\t<p class=\"elementor-heading-title elementor-size-default\">Politica de Cambios y Devoluciones<\/p>\t\t\t\t<\/div>\n\t\t\t\t<\/div>\n\t\t\t\t\t<\/div>\n\t\t<\/div>\n\t\t\t\t\t<\/div>\n\t\t<\/section>\n\t\t\t\t<section class=\"elementor-section elementor-top-section elementor-element elementor-element-c1703ee elementor-section-boxed elementor-section-height-default elementor-section-height-default wpr-particle-no wpr-jarallax-no wpr-parallax-no wpr-sticky-section-no\" data-id=\"c1703ee\" data-element_type=\"section\" data-e-type=\"section\">\n\t\t\t\t\t\t<div class=\"elementor-container elementor-column-gap-default\">\n\t\t\t\t\t<div class=\"elementor-column elementor-col-100 elementor-top-column elementor-element elementor-element-75822c5\" data-id=\"75822c5\" data-element_type=\"column\" data-e-type=\"column\">\n\t\t\t<div class=\"elementor-widget-wrap elementor-element-populated\">\n\t\t\t\t\t\t<div class=\"elementor-element elementor-element-d29994c elementor-widget elementor-widget-image\" data-id=\"d29994c\" data-element_type=\"widget\" data-e-type=\"widget\" data-widget_type=\"image.default\">\n\t\t\t\t<div class=\"elementor-widget-container\">\n\t\t\t\t\t\t\t\t\t\t\t\t\t\t\t<img decoding=\"async\" width=\"201\" height=\"53\" src=\"https:\/\/vagarykalon.com\/wp-content\/uploads\/2022\/02\/stars-plantilla-vk.jpg\" class=\"attachment-full size-full wp-image-5458\" alt=\"\" \/>\t\t\t\t\t\t\t\t\t\t\t\t\t\t\t<\/div>\n\t\t\t\t<\/div>\n\t\t\t\t\t<\/div>\n\t\t<\/div>\n\t\t\t\t\t<\/div>\n\t\t<\/section>\n\t\t\t\t<section class=\"elementor-section elementor-top-section elementor-element elementor-element-37c51e4b elementor-section-boxed elementor-section-height-default elementor-section-height-default wpr-particle-no wpr-jarallax-no wpr-parallax-no wpr-sticky-section-no\" data-id=\"37c51e4b\" data-element_type=\"section\" data-e-type=\"section\">\n\t\t\t\t\t\t<div class=\"elementor-container elementor-column-gap-default\">\n\t\t\t\t\t<div class=\"elementor-column elementor-col-100 elementor-top-column elementor-element elementor-element-ce3616a\" data-id=\"ce3616a\" data-element_type=\"column\" data-e-type=\"column\">\n\t\t\t<div class=\"elementor-widget-wrap elementor-element-populated\">\n\t\t\t\t\t\t<div class=\"elementor-element elementor-element-4ea8fe04 elementor-widget elementor-widget-text-editor\" data-id=\"4ea8fe04\" data-element_type=\"widget\" data-e-type=\"widget\" data-widget_type=\"text-editor.default\">\n\t\t\t\t<div class=\"elementor-widget-container\">\n\t\t\t\t\t\t\t\t\t<p><strong>POLITICA DE CAMBIOS<br><\/strong><span style=\"text-align: justify;\">Cuando personalizamos un vestido para una clienta espec\u00edfica, bajo pedido, cortado y confeccionado especialmente para esa clienta, no aceptamos cambios o devoluciones. No obstante, nos comprometemos a la excelencia y a trabajar al m\u00e1ximo para resolver cualquier problema que pueda surgir.<\/span><\/p>\n<p><span lang=\"ES-TRAD\" style=\"text-align: justify;\">Cualquier reparaci\u00f3n y\/o <\/span><span lang=\"PT\" style=\"text-align: justify;\">ajuste solicitado <\/span><span lang=\"ES-TRAD\" style=\"text-align: justify;\">posteriormente al presupuesto (es decir, no acordados en el momento de la venta) puede generar costos adicionales para el cliente.<\/span><\/p>\n<p><span style=\"text-align: justify;\">Las prendas de colecci\u00f3n (es decir, no personalizadas) se pueden devolver o cambiar dentro de un plazo de 14 d\u00edas desde haberlas recibido. Desafortunadamente, despu\u00e9s de este plazo no ofrecemos la posibilidad de reembolso ni cambio.<\/span><\/p>\n<p><span style=\"text-align: justify;\">Para ser aceptada la devoluci\u00f3n o cambio, la prenda tiene que estar en la misma condici\u00f3n que fue recibida. Sin estrenar o sin usar, con las etiquetas originales y con el embalaje original. Para completar su devoluci\u00f3n, requeriremos del recibo de compra u alg\u00fan comprobante que lo demuestre.<\/span><\/p>\n<p><span lang=\"ES-TRAD\" style=\"text-align: justify;\">Para iniciar su devoluci\u00f3n, por favor cont\u00e1ctenos en <\/span><span lang=\"ES-TRAD\" style=\"text-align: justify;\"><a href=\"mailto:sales@vagarykalon.com\">sales@vagarykalon.com<\/a><\/span><span lang=\"ES-TRAD\" style=\"text-align: justify;\"> . No se aceptar\u00e1n los art\u00edculos que se devuelvan sin solicitar primero una devoluci\u00f3n.&nbsp;<\/span><\/p>\n<p><u><br><\/u><strong>DEVOLUCIONES&nbsp;<br><\/strong><span lang=\"ES-TRAD\" style=\"text-align: justify;\">Te notificaremos en cuanto hayamos recibido e inspeccionado tu devoluci\u00f3n, y te informaremos si&nbsp; fue aprobada o no. En caso de ser aprobada, procederemos con su reembolso lo mas r\u00e1pido posible y se le<br>reembolsar\u00e1 autom\u00e1ticamente en su m\u00e9todo de pago original. Recuerde que su banco o compa\u00f1\u00eda de tarjeta de cr<\/span><span lang=\"FR\" style=\"text-align: justify;\">\u00e9<\/span><span lang=\"ES-TRAD\" style=\"text-align: justify;\">dito puede tardar hasta 5 d\u00ed<\/span><span lang=\"EN-US\" style=\"text-align: justify;\">as h<\/span><span lang=\"ES-TRAD\" style=\"text-align: justify;\">\u00e1biles en procesar el reembolso.<\/span><\/p>\n<p style=\"text-align:justify\"><span lang=\"ES-TRAD\">Tenga en cuenta que en caso de no recibir su pedido, tiene 30 d\u00edas despu<\/span><span lang=\"FR\">\u00e9<\/span><span lang=\"ES-TRAD\">s de la fecha de env\u00ed<\/span><span lang=\"PT\">o para contactarnos. M<\/span><span lang=\"ES-TRAD\">\u00e1<\/span><span lang=\"EN-US\">s all<\/span><span lang=\"ES-TRAD\">\u00e1 de este per\u00ed<\/span><span lang=\"PT\">odo de 30 d<\/span><span lang=\"ES-TRAD\">\u00ed<\/span><span lang=\"PT\">as, no podemos garantizar un reembolso.<\/span><\/p>\n<p style=\"text-align:justify\">El cliente es responsable de un fallo en la entrega si es cuesti\u00f3n de falta de indicaci\u00f3n o datos err\u00f3neos al realizar el pedido.&nbsp;<\/p>\n<p><u><br><\/u><strong>DIRECCION DE ENVIO<br><\/strong>Vagary Kalon&nbsp;<br>Av. Diagonal 327<br>Piso 2 \u2013 Puerta 2<br>08009, Barcelona<br>Spain<\/p>\n<p><u><br><\/u><strong>COSTES DE ENVIO<br><\/strong><span lang=\"ES-TRAD\">Tenga en cuenta que todos los gastos de env\u00edo corren a cargo del cliente a menos que se lo aconsejemos nosotros expresamente, que hayamos enviado el art\u00edculo incorrecto o que el art\u00edculo est<\/span><span lang=\"FR\">\u00e9 <\/span><span lang=\"ES-TRAD\">defectuoso a<br>la llegada.<br><\/span><span lang=\"ES-TRAD\">Le sugerimos que utilice un servicio asegurado y rastreable para devolver sus productos, ya que no seremos responsables de los art\u00ed<\/span><span lang=\"PT\">culos faltantes.<\/span><\/p>\n<p><u><br><\/u><b>PRECIO, PAGOS Y IMPUESTOS<br><\/b><span style=\"text-align: justify;\">Cualquier impuesto adicional o cargos aduaneros, si los hubiese, corren por cuenta del cliente.<\/span><\/p>\n<p><\/p>\n<p><span style=\"text-align: justify;\">Enviamos pedidos con importaci\u00f3n fresca para liquidar, esto significa que los cargos de importaci\u00f3n no est\u00e1n incluidos en los precios que se muestran en l\u00ednea y en los productos. El cliente pagar\u00e1 el modo de transporte al importar el producto o posteriormente, los costes totales relacionados con los derechos y tr\u00e1mites aduaneros, impuestos de importaci\u00f3n aplicables en el pa\u00eds donde se solicita la entrega.<\/span><\/p>\n<p><span style=\"text-align: justify;\">El pago de estas tasas puede ser requerido para la entrada de los productos solicitados en el territorio de entrega, los cuales no son en ning\u00fan caso responsabilidad de VAGARY KALON UNIVERSE SL.<\/span><\/p>\n<p><span lang=\"ES-TRAD\" style=\"text-align: justify;\">Aceptamos pagos con tarjeta de d<\/span><span lang=\"FR\" style=\"text-align: justify;\">\u00e9<\/span><span lang=\"ES-TRAD\" style=\"text-align: justify;\">bito, tarjeta de cr<\/span><span lang=\"FR\" style=\"text-align: justify;\">\u00e9<\/span><span lang=\"ES-TRAD\" style=\"text-align: justify;\">dito, transferencia bancaria y Paypal. Tenga en<br>cuenta que si desea pagar mediante transferencia bancaria, debe ponerse en contacto con nosotros mediante el correo electr\u00f3<\/span><span lang=\"IT\" style=\"text-align: justify;\">nico <\/span><span lang=\"ES-TRAD\" style=\"text-align: justify;\"><a href=\"mailto:sales@vagarykalon.com\">sales@vagarykalon.com<\/a><\/span><span lang=\"ES-TRAD\" style=\"text-align: justify;\"> para confirmar el pedido y el pago.<\/span><\/p>\n<p><span style=\"text-align: justify;\">Tenga en cuenta que VAGARY KALON no se hace responsable de ning\u00fan retraso en los pedidos por motivos<br>de despacho de aduana o retraso en las transacciones de pago.<\/span><\/p>\t\t\t\t\t\t\t\t<\/div>\n\t\t\t\t<\/div>\n\t\t\t\t\t<\/div>\n\t\t<\/div>\n\t\t\t\t\t<\/div>\n\t\t<\/section>\n\t\t\t\t<\/div>\n\t\t","protected":false},"excerpt":{"rendered":"<p>Politica de Cambios y Devoluciones POLITICA DE CAMBIOS Cuando personalizamos un vestido para una clienta espec\u00edfica, bajo pedido, cortado y confeccionado especialmente para esa clienta, no aceptamos cambios o devoluciones.&hellip;<\/p>\n","protected":false},"author":1,"featured_media":0,"parent":0,"menu_order":0,"comment_status":"closed","ping_status":"closed","template":"","meta":{"footnotes":""},"class_list":["post-5582","page","type-page","status-publish","hentry"],"_links":{"self":[{"href":"https:\/\/vagarykalon.com\/es\/wp-json\/wp\/v2\/pages\/5582","targetHints":{"allow":["GET"]}}],"collection":[{"href":"https:\/\/vagarykalon.com\/es\/wp-json\/wp\/v2\/pages"}],"about":[{"href":"https:\/\/vagarykalon.com\/es\/wp-json\/wp\/v2\/types\/page"}],"author":[{"embeddable":true,"href":"https:\/\/vagarykalon.com\/es\/wp-json\/wp\/v2\/users\/1"}],"replies":[{"embeddable":true,"href":"https:\/\/vagarykalon.com\/es\/wp-json\/wp\/v2\/comments?post=5582"}],"version-history":[{"count":25,"href":"https:\/\/vagarykalon.com\/es\/wp-json\/wp\/v2\/pages\/5582\/revisions"}],"predecessor-version":[{"id":7840,"href":"https:\/\/vagarykalon.com\/es\/wp-json\/wp\/v2\/pages\/5582\/revisions\/7840"}],"wp:attachment":[{"href":"https:\/\/vagarykalon.com\/es\/wp-json\/wp\/v2\/media?parent=5582"}],"curies":[{"name":"wp","href":"https:\/\/api.w.org\/{rel}","templated":true}]}}