{"id":5571,"date":"2022-02-08T12:20:11","date_gmt":"2022-02-08T11:20:11","guid":{"rendered":"https:\/\/vagarykalon.com\/gala\/"},"modified":"2022-06-13T20:44:35","modified_gmt":"2022-06-13T18:44:35","slug":"gala","status":"publish","type":"page","link":"https:\/\/vagarykalon.com\/es\/gala\/","title":{"rendered":"Gala"},"content":{"rendered":"\t\t<div data-elementor-type=\"wp-page\" data-elementor-id=\"5571\" class=\"elementor elementor-5571 elementor-4153\">\n\t\t\t\t\t\t<section class=\"elementor-section elementor-top-section elementor-element elementor-element-e5d555c elementor-section-boxed elementor-section-height-default elementor-section-height-default wpr-particle-no wpr-jarallax-no wpr-parallax-no wpr-sticky-section-no\" data-id=\"e5d555c\" data-element_type=\"section\" data-e-type=\"section\">\n\t\t\t\t\t\t<div class=\"elementor-container elementor-column-gap-default\">\n\t\t\t\t\t<div class=\"elementor-column elementor-col-100 elementor-top-column elementor-element elementor-element-b4bd72b\" data-id=\"b4bd72b\" data-element_type=\"column\" data-e-type=\"column\">\n\t\t\t<div class=\"elementor-widget-wrap elementor-element-populated\">\n\t\t\t\t\t\t<div class=\"elementor-element elementor-element-9640038 elementor-widget elementor-widget-image\" data-id=\"9640038\" data-element_type=\"widget\" data-e-type=\"widget\" data-widget_type=\"image.default\">\n\t\t\t\t<div class=\"elementor-widget-container\">\n\t\t\t\t\t\t\t\t\t\t\t\t\t\t\t<img fetchpriority=\"high\" decoding=\"async\" width=\"1585\" height=\"712\" src=\"https:\/\/vagarykalon.com\/wp-content\/uploads\/2022\/02\/05-GALA.jpg\" class=\"attachment-full size-full wp-image-5454\" alt=\"\" srcset=\"https:\/\/vagarykalon.com\/wp-content\/uploads\/2022\/02\/05-GALA.jpg 1585w, https:\/\/vagarykalon.com\/wp-content\/uploads\/2022\/02\/05-GALA-640x287.jpg 640w, https:\/\/vagarykalon.com\/wp-content\/uploads\/2022\/02\/05-GALA-300x135.jpg 300w, https:\/\/vagarykalon.com\/wp-content\/uploads\/2022\/02\/05-GALA-1024x460.jpg 1024w, https:\/\/vagarykalon.com\/wp-content\/uploads\/2022\/02\/05-GALA-768x345.jpg 768w, https:\/\/vagarykalon.com\/wp-content\/uploads\/2022\/02\/05-GALA-1536x690.jpg 1536w, https:\/\/vagarykalon.com\/wp-content\/uploads\/2022\/02\/05-GALA-660x296.jpg 660w\" sizes=\"(max-width: 1585px) 100vw, 1585px\" \/>\t\t\t\t\t\t\t\t\t\t\t\t\t\t\t<\/div>\n\t\t\t\t<\/div>\n\t\t\t\t\t<\/div>\n\t\t<\/div>\n\t\t\t\t\t<\/div>\n\t\t<\/section>\n\t\t\t\t<section class=\"elementor-section elementor-top-section elementor-element elementor-element-c6ec423 elementor-section-boxed elementor-section-height-default elementor-section-height-default wpr-particle-no wpr-jarallax-no wpr-parallax-no wpr-sticky-section-no\" data-id=\"c6ec423\" data-element_type=\"section\" data-e-type=\"section\">\n\t\t\t\t\t\t<div class=\"elementor-container elementor-column-gap-default\">\n\t\t\t\t\t<div class=\"elementor-column elementor-col-100 elementor-top-column elementor-element elementor-element-96471f0\" data-id=\"96471f0\" data-element_type=\"column\" data-e-type=\"column\">\n\t\t\t<div class=\"elementor-widget-wrap elementor-element-populated\">\n\t\t\t\t\t\t<div class=\"elementor-element elementor-element-3eb9d79 elementor-widget elementor-widget-text-editor\" data-id=\"3eb9d79\" data-element_type=\"widget\" data-e-type=\"widget\" data-widget_type=\"text-editor.default\">\n\t\t\t\t<div class=\"elementor-widget-container\">\n\t\t\t\t\t\t\t\t\t<p>A quien est\u00e9 leyendo este apartado quiero transmitir mi gratitud por su inter\u00e9s hacia este universo tan personal llamado Vagary Kalon.<\/p>\t\t\t\t\t\t\t\t<\/div>\n\t\t\t\t<\/div>\n\t\t\t\t\t<\/div>\n\t\t<\/div>\n\t\t\t\t\t<\/div>\n\t\t<\/section>\n\t\t\t\t<section class=\"elementor-section elementor-top-section elementor-element elementor-element-2f17c79 elementor-section-content-middle elementor-section-boxed elementor-section-height-default elementor-section-height-default wpr-particle-no wpr-jarallax-no wpr-parallax-no wpr-sticky-section-no\" data-id=\"2f17c79\" data-element_type=\"section\" data-e-type=\"section\">\n\t\t\t\t\t\t<div class=\"elementor-container elementor-column-gap-default\">\n\t\t\t\t\t<div class=\"elementor-column elementor-col-50 elementor-top-column elementor-element elementor-element-e9b40cd\" data-id=\"e9b40cd\" data-element_type=\"column\" data-e-type=\"column\">\n\t\t\t<div class=\"elementor-widget-wrap elementor-element-populated\">\n\t\t\t\t\t\t<div class=\"elementor-element elementor-element-a5c989f elementor-widget elementor-widget-image\" data-id=\"a5c989f\" data-element_type=\"widget\" data-e-type=\"widget\" data-widget_type=\"image.default\">\n\t\t\t\t<div class=\"elementor-widget-container\">\n\t\t\t\t\t\t\t\t\t\t\t\t\t\t\t<img decoding=\"async\" width=\"704\" height=\"885\" src=\"https:\/\/vagarykalon.com\/wp-content\/uploads\/2022\/02\/pagina-gala-2.jpg\" class=\"attachment-full size-full wp-image-5430\" alt=\"\" srcset=\"https:\/\/vagarykalon.com\/wp-content\/uploads\/2022\/02\/pagina-gala-2.jpg 704w, https:\/\/vagarykalon.com\/wp-content\/uploads\/2022\/02\/pagina-gala-2-640x805.jpg 640w, https:\/\/vagarykalon.com\/wp-content\/uploads\/2022\/02\/pagina-gala-2-239x300.jpg 239w, https:\/\/vagarykalon.com\/wp-content\/uploads\/2022\/02\/pagina-gala-2-660x830.jpg 660w\" sizes=\"(max-width: 704px) 100vw, 704px\" \/>\t\t\t\t\t\t\t\t\t\t\t\t\t\t\t<\/div>\n\t\t\t\t<\/div>\n\t\t\t\t\t<\/div>\n\t\t<\/div>\n\t\t\t\t<div class=\"elementor-column elementor-col-50 elementor-top-column elementor-element elementor-element-8559c48\" data-id=\"8559c48\" data-element_type=\"column\" data-e-type=\"column\">\n\t\t\t<div class=\"elementor-widget-wrap elementor-element-populated\">\n\t\t\t\t\t\t<div class=\"elementor-element elementor-element-1b76427 elementor-widget elementor-widget-text-editor\" data-id=\"1b76427\" data-element_type=\"widget\" data-e-type=\"widget\" data-widget_type=\"text-editor.default\">\n\t\t\t\t<div class=\"elementor-widget-container\">\n\t\t\t\t\t\t\t\t\t<p>Si algo me define es fortaleza, valent\u00eda, transformaci\u00f3n y apertura a la vida e intento reflejar esas calidades en mis creaciones que llegan desde lo m\u00e1s profundo de mi alma. Mi inspiraci\u00f3n viene de la energ\u00eda de mi madre y del color con el que me gusta ver y sentir la vida.<\/p><p>Mi madre falleci\u00f3 tres a\u00f1os antes de que creara Vagary Kalon, vivi\u00f3 un c\u00e1ncer que en solo 21 d\u00edas acab\u00f3 con ella. Fu\u00e9 un c\u00e1ncer emocional \u2026 disgustos enormes que nunca expres\u00f3 ni acept\u00f3 y muchas emociones (negativas) se estancaron en ella creando inflamaci\u00f3n y finalmente una enfermedad que de forma muy r\u00e1pida\u00a0 se la llev\u00f3. Este suceso cambi\u00f3 mi vida.<\/p><p>Siempre he amado la moda, el arte y la belleza, es un legado familiar que me llev\u00f3 a estudiar moda en Paris primero y luego a graduarme en Parsons \u201cThe New School of Design\u201d de Nueva York.<\/p><p>Por otro lado \u00a0hace unos a\u00f1os me desconect\u00e9 del camino que este mundo estaba tomando: producciones grandes, ventas r\u00e1pidas, dise\u00f1os ef\u00edmeros, colecciones y precolecciones, confecciones pobres y poco respeto por lo que un d\u00eda fue la moda \u2026<\/p>\t\t\t\t\t\t\t\t<\/div>\n\t\t\t\t<\/div>\n\t\t\t\t\t<\/div>\n\t\t<\/div>\n\t\t\t\t\t<\/div>\n\t\t<\/section>\n\t\t\t\t<section class=\"elementor-section elementor-top-section elementor-element elementor-element-b574645 elementor-section-boxed elementor-section-height-default elementor-section-height-default wpr-particle-no wpr-jarallax-no wpr-parallax-no wpr-sticky-section-no\" data-id=\"b574645\" data-element_type=\"section\" data-e-type=\"section\">\n\t\t\t\t\t\t<div class=\"elementor-container elementor-column-gap-default\">\n\t\t\t\t\t<div class=\"elementor-column elementor-col-100 elementor-top-column elementor-element elementor-element-5201f7e\" data-id=\"5201f7e\" data-element_type=\"column\" data-e-type=\"column\">\n\t\t\t<div class=\"elementor-widget-wrap elementor-element-populated\">\n\t\t\t\t\t\t<div class=\"elementor-element elementor-element-046505f elementor-widget elementor-widget-text-editor\" data-id=\"046505f\" data-element_type=\"widget\" data-e-type=\"widget\" data-widget_type=\"text-editor.default\">\n\t\t\t\t<div class=\"elementor-widget-container\">\n\t\t\t\t\t\t\t\t\t<p>La muerte de mi madre me hizo explorar formas diferentes de vivir y de sanar mi perdida: con la ayuda de una coach empec\u00e9 a conectar con mi energ\u00eda interior y mis chakras, a entender la diferencia entre el \u201cser\u201d y el ego, a darme cuenta de que en cada momento de nuestra vida somos cocreadores con el Universo \u2026 comprob\u00e9 que la vida es mucho m\u00e1s de lo que tenemos delante de nuestros ojos y de lo que se percibe con nuestros sentidos, me di cuenta del gran poder interno con el que contamos.<\/p>\t\t\t\t\t\t\t\t<\/div>\n\t\t\t\t<\/div>\n\t\t\t\t\t<\/div>\n\t\t<\/div>\n\t\t\t\t\t<\/div>\n\t\t<\/section>\n\t\t\t\t<section class=\"elementor-section elementor-top-section elementor-element elementor-element-2d48eb1 elementor-section-content-middle elementor-section-boxed elementor-section-height-default elementor-section-height-default wpr-particle-no wpr-jarallax-no wpr-parallax-no wpr-sticky-section-no\" data-id=\"2d48eb1\" data-element_type=\"section\" data-e-type=\"section\">\n\t\t\t\t\t\t<div class=\"elementor-container elementor-column-gap-default\">\n\t\t\t\t\t<div class=\"elementor-column elementor-col-50 elementor-top-column elementor-element elementor-element-b03adaf\" data-id=\"b03adaf\" data-element_type=\"column\" data-e-type=\"column\">\n\t\t\t<div class=\"elementor-widget-wrap elementor-element-populated\">\n\t\t\t\t\t\t<div class=\"elementor-element elementor-element-39256e1 elementor-widget elementor-widget-text-editor\" data-id=\"39256e1\" data-element_type=\"widget\" data-e-type=\"widget\" data-widget_type=\"text-editor.default\">\n\t\t\t\t<div class=\"elementor-widget-container\">\n\t\t\t\t\t\t\t\t\t<p>He dedicado (y sigo dedicando) mucho tiempo a escucharme, a experimentar y a trabajarme energ\u00e9ticamente, he comprobado como gracias a ello todo a mi alrededor se transforma de manera bonita.<\/p>\n<p>Fue entonces que entend\u00ed que el color cambia nuestro estado de \u00e1nimo, que con la moda se puede conseguir y hacer mucho m\u00e1s que vestir nuestro cuerpo f\u00edsico. La moda es un medio que puede tocar en el profundo cualquier de nosotros y puede ser inspiraci\u00f3n y gu\u00eda de nuestras consciencias: es una manera de expresar nuestra identidad, de comunicar quien somos y que sentimos verdaderamente \u2026 es una medio que puede ayudar nuestra alma a brillar. Sin este brillo en realidad nada funciona.&nbsp;<\/p>\n<p>As\u00ed en el 2019 naci\u00f3 el universo Vagary Kalon, un mundo de colores, de formas y de libertad donde quien quiera tiene la oportunidad de crear mucho m\u00e1s que un vestido. En VK tenemos la oportunidad de descubrirnos, de empezar a conocer y mostrar nuestras esencias, comunicar lo que tenemos dentro \u2026 pero para ello hay que ser valiente.<\/p>\t\t\t\t\t\t\t\t<\/div>\n\t\t\t\t<\/div>\n\t\t\t\t\t<\/div>\n\t\t<\/div>\n\t\t\t\t<div class=\"elementor-column elementor-col-50 elementor-top-column elementor-element elementor-element-c34cf0f\" data-id=\"c34cf0f\" data-element_type=\"column\" data-e-type=\"column\">\n\t\t\t<div class=\"elementor-widget-wrap elementor-element-populated\">\n\t\t\t\t\t\t<div class=\"elementor-element elementor-element-de01d44 elementor-widget elementor-widget-image\" data-id=\"de01d44\" data-element_type=\"widget\" data-e-type=\"widget\" data-widget_type=\"image.default\">\n\t\t\t\t<div class=\"elementor-widget-container\">\n\t\t\t\t\t\t\t\t\t\t\t\t\t\t\t<img decoding=\"async\" width=\"704\" height=\"969\" src=\"https:\/\/vagarykalon.com\/wp-content\/uploads\/2022\/04\/img8.jpg\" class=\"attachment-full size-full wp-image-5501\" alt=\"\" srcset=\"https:\/\/vagarykalon.com\/wp-content\/uploads\/2022\/04\/img8.jpg 704w, https:\/\/vagarykalon.com\/wp-content\/uploads\/2022\/04\/img8-640x881.jpg 640w, https:\/\/vagarykalon.com\/wp-content\/uploads\/2022\/04\/img8-218x300.jpg 218w, https:\/\/vagarykalon.com\/wp-content\/uploads\/2022\/04\/img8-660x908.jpg 660w\" sizes=\"(max-width: 704px) 100vw, 704px\" \/>\t\t\t\t\t\t\t\t\t\t\t\t\t\t\t<\/div>\n\t\t\t\t<\/div>\n\t\t\t\t\t<\/div>\n\t\t<\/div>\n\t\t\t\t\t<\/div>\n\t\t<\/section>\n\t\t\t\t<section class=\"elementor-section elementor-top-section elementor-element elementor-element-0612356 elementor-section-boxed elementor-section-height-default elementor-section-height-default wpr-particle-no wpr-jarallax-no wpr-parallax-no wpr-sticky-section-no\" data-id=\"0612356\" data-element_type=\"section\" data-e-type=\"section\">\n\t\t\t\t\t\t<div class=\"elementor-container elementor-column-gap-default\">\n\t\t\t\t\t<div class=\"elementor-column elementor-col-100 elementor-top-column elementor-element elementor-element-fd47d49\" data-id=\"fd47d49\" data-element_type=\"column\" data-e-type=\"column\">\n\t\t\t<div class=\"elementor-widget-wrap elementor-element-populated\">\n\t\t\t\t\t\t<div class=\"elementor-element elementor-element-c942abb elementor-widget elementor-widget-text-editor\" data-id=\"c942abb\" data-element_type=\"widget\" data-e-type=\"widget\" data-widget_type=\"text-editor.default\">\n\t\t\t\t<div class=\"elementor-widget-container\">\n\t\t\t\t\t\t\t\t\t<p>Con amor e inmensa gratitud.<\/p>\t\t\t\t\t\t\t\t<\/div>\n\t\t\t\t<\/div>\n\t\t\t\t<div class=\"elementor-element elementor-element-bf149fc elementor-widget elementor-widget-text-editor\" data-id=\"bf149fc\" data-element_type=\"widget\" data-e-type=\"widget\" data-widget_type=\"text-editor.default\">\n\t\t\t\t<div class=\"elementor-widget-container\">\n\t\t\t\t\t\t\t\t\t<p>Gala<\/p>\t\t\t\t\t\t\t\t<\/div>\n\t\t\t\t<\/div>\n\t\t\t\t\t<\/div>\n\t\t<\/div>\n\t\t\t\t\t<\/div>\n\t\t<\/section>\n\t\t\t\t<section class=\"elementor-section elementor-top-section elementor-element elementor-element-997fbef elementor-section-boxed elementor-section-height-default elementor-section-height-default wpr-particle-no wpr-jarallax-no wpr-parallax-no wpr-sticky-section-no\" data-id=\"997fbef\" data-element_type=\"section\" data-e-type=\"section\">\n\t\t\t\t\t\t<div class=\"elementor-container elementor-column-gap-default\">\n\t\t\t\t\t<div class=\"elementor-column elementor-col-100 elementor-top-column elementor-element elementor-element-cede658\" data-id=\"cede658\" data-element_type=\"column\" data-e-type=\"column\">\n\t\t\t<div class=\"elementor-widget-wrap elementor-element-populated\">\n\t\t\t\t\t\t<div class=\"elementor-element elementor-element-ba8b215 elementor-widget elementor-widget-image\" data-id=\"ba8b215\" data-element_type=\"widget\" data-e-type=\"widget\" data-widget_type=\"image.default\">\n\t\t\t\t<div class=\"elementor-widget-container\">\n\t\t\t\t\t\t\t\t\t\t\t\t\t\t\t<img loading=\"lazy\" decoding=\"async\" width=\"1020\" height=\"732\" src=\"https:\/\/vagarykalon.com\/wp-content\/uploads\/2022\/02\/pagina-gala-3.jpg\" class=\"attachment-full size-full wp-image-5431\" alt=\"\" srcset=\"https:\/\/vagarykalon.com\/wp-content\/uploads\/2022\/02\/pagina-gala-3.jpg 1020w, https:\/\/vagarykalon.com\/wp-content\/uploads\/2022\/02\/pagina-gala-3-640x459.jpg 640w, https:\/\/vagarykalon.com\/wp-content\/uploads\/2022\/02\/pagina-gala-3-300x215.jpg 300w, https:\/\/vagarykalon.com\/wp-content\/uploads\/2022\/02\/pagina-gala-3-768x551.jpg 768w, https:\/\/vagarykalon.com\/wp-content\/uploads\/2022\/02\/pagina-gala-3-660x474.jpg 660w\" sizes=\"(max-width: 1020px) 100vw, 1020px\" \/>\t\t\t\t\t\t\t\t\t\t\t\t\t\t\t<\/div>\n\t\t\t\t<\/div>\n\t\t\t\t\t<\/div>\n\t\t<\/div>\n\t\t\t\t\t<\/div>\n\t\t<\/section>\n\t\t\t\t<section class=\"elementor-section elementor-top-section elementor-element elementor-element-e983eea elementor-section-boxed elementor-section-height-default elementor-section-height-default wpr-particle-no wpr-jarallax-no wpr-parallax-no wpr-sticky-section-no\" data-id=\"e983eea\" data-element_type=\"section\" data-e-type=\"section\">\n\t\t\t\t\t\t<div class=\"elementor-container elementor-column-gap-default\">\n\t\t\t\t\t<div class=\"elementor-column elementor-col-100 elementor-top-column elementor-element elementor-element-60f8b9e\" data-id=\"60f8b9e\" data-element_type=\"column\" data-e-type=\"column\">\n\t\t\t<div class=\"elementor-widget-wrap elementor-element-populated\">\n\t\t\t\t\t\t<div class=\"elementor-element elementor-element-64513d0 elementor-widget elementor-widget-image\" data-id=\"64513d0\" data-element_type=\"widget\" data-e-type=\"widget\" data-widget_type=\"image.default\">\n\t\t\t\t<div class=\"elementor-widget-container\">\n\t\t\t\t\t\t\t\t\t\t\t\t\t\t\t<img loading=\"lazy\" decoding=\"async\" width=\"239\" height=\"219\" src=\"https:\/\/vagarykalon.com\/wp-content\/uploads\/2022\/02\/pagina-gala-4.jpg\" class=\"attachment-full size-full wp-image-5432\" alt=\"\" \/>\t\t\t\t\t\t\t\t\t\t\t\t\t\t\t<\/div>\n\t\t\t\t<\/div>\n\t\t\t\t\t<\/div>\n\t\t<\/div>\n\t\t\t\t\t<\/div>\n\t\t<\/section>\n\t\t\t\t<\/div>\n\t\t","protected":false},"excerpt":{"rendered":"<p>A quien est\u00e9 leyendo este apartado quiero transmitir mi gratitud por su inter\u00e9s hacia este universo tan personal llamado Vagary Kalon. Si algo me define es fortaleza, valent\u00eda, transformaci\u00f3n y&hellip;<\/p>\n","protected":false},"author":1,"featured_media":0,"parent":0,"menu_order":0,"comment_status":"closed","ping_status":"closed","template":"elementor_header_footer","meta":{"footnotes":""},"class_list":["post-5571","page","type-page","status-publish","hentry"],"_links":{"self":[{"href":"https:\/\/vagarykalon.com\/es\/wp-json\/wp\/v2\/pages\/5571","targetHints":{"allow":["GET"]}}],"collection":[{"href":"https:\/\/vagarykalon.com\/es\/wp-json\/wp\/v2\/pages"}],"about":[{"href":"https:\/\/vagarykalon.com\/es\/wp-json\/wp\/v2\/types\/page"}],"author":[{"embeddable":true,"href":"https:\/\/vagarykalon.com\/es\/wp-json\/wp\/v2\/users\/1"}],"replies":[{"embeddable":true,"href":"https:\/\/vagarykalon.com\/es\/wp-json\/wp\/v2\/comments?post=5571"}],"version-history":[{"count":21,"href":"https:\/\/vagarykalon.com\/es\/wp-json\/wp\/v2\/pages\/5571\/revisions"}],"predecessor-version":[{"id":6113,"href":"https:\/\/vagarykalon.com\/es\/wp-json\/wp\/v2\/pages\/5571\/revisions\/6113"}],"wp:attachment":[{"href":"https:\/\/vagarykalon.com\/es\/wp-json\/wp\/v2\/media?parent=5571"}],"curies":[{"name":"wp","href":"https:\/\/api.w.org\/{rel}","templated":true}]}}