{"id":5565,"date":"2021-11-17T13:14:28","date_gmt":"2021-11-17T12:14:28","guid":{"rendered":"https:\/\/vagarykalon.com\/atelier\/"},"modified":"2022-06-13T20:31:32","modified_gmt":"2022-06-13T18:31:32","slug":"atelier","status":"publish","type":"page","link":"https:\/\/vagarykalon.com\/es\/atelier\/","title":{"rendered":"Atelier"},"content":{"rendered":"\t\t<div data-elementor-type=\"wp-page\" data-elementor-id=\"5565\" class=\"elementor elementor-5565 elementor-3373\">\n\t\t\t\t\t\t<section class=\"elementor-section elementor-top-section elementor-element elementor-element-dc3f4ed elementor-section-full_width elementor-section-stretched elementor-section-height-default elementor-section-height-default wpr-particle-no wpr-jarallax-no wpr-parallax-no wpr-sticky-section-no\" data-id=\"dc3f4ed\" data-element_type=\"section\" data-e-type=\"section\" data-settings=\"{&quot;stretch_section&quot;:&quot;section-stretched&quot;}\">\n\t\t\t\t\t\t<div class=\"elementor-container elementor-column-gap-default\">\n\t\t\t\t\t<div class=\"elementor-column elementor-col-100 elementor-top-column elementor-element elementor-element-289dea3\" data-id=\"289dea3\" data-element_type=\"column\" data-e-type=\"column\">\n\t\t\t<div class=\"elementor-widget-wrap elementor-element-populated\">\n\t\t\t\t\t\t<div class=\"elementor-element elementor-element-fb135a4 elementor-widget elementor-widget-heading\" data-id=\"fb135a4\" data-element_type=\"widget\" data-e-type=\"widget\" data-widget_type=\"heading.default\">\n\t\t\t\t<div class=\"elementor-widget-container\">\n\t\t\t\t\t<p class=\"elementor-heading-title elementor-size-default\">VAGARY KALON ES UN VIAJE EXCLUSIVO E IMPREVISIBLE DE LOS SENTIDOS Y DEL ALMA<\/p>\t\t\t\t<\/div>\n\t\t\t\t<\/div>\n\t\t\t\t\t<\/div>\n\t\t<\/div>\n\t\t\t\t\t<\/div>\n\t\t<\/section>\n\t\t\t\t<section class=\"elementor-section elementor-top-section elementor-element elementor-element-b7f9056 elementor-section-full_width elementor-section-stretched caja3cat elementor-section-height-default elementor-section-height-default wpr-particle-no wpr-jarallax-no wpr-parallax-no wpr-sticky-section-no\" data-id=\"b7f9056\" data-element_type=\"section\" data-e-type=\"section\" data-settings=\"{&quot;stretch_section&quot;:&quot;section-stretched&quot;}\">\n\t\t\t\t\t\t<div class=\"elementor-container elementor-column-gap-default\">\n\t\t\t\t\t<div class=\"elementor-column elementor-col-33 elementor-top-column elementor-element elementor-element-45eddc3\" data-id=\"45eddc3\" data-element_type=\"column\" data-e-type=\"column\">\n\t\t\t<div class=\"elementor-widget-wrap elementor-element-populated\">\n\t\t\t\t\t\t<div class=\"elementor-element elementor-element-466b72f elementor-widget elementor-widget-konte-banner\" data-id=\"466b72f\" data-element_type=\"widget\" data-e-type=\"widget\" data-widget_type=\"konte-banner.default\">\n\t\t\t\t<div class=\"elementor-widget-container\">\n\t\t\t\t\t\t\t<div class=\"konte-banner konte-banner--elementor konte-banner--hover-zoomin konte-banner--content-top-left konte-banner--button-visible-always\">\n\t\t\t\t\t\t\t<a href=\"https:\/\/vagarykalon.com\/es\/archive\/\">\n\t\t\t\t\t\t<span class=\"konte-banner__image-wrapper\"><img fetchpriority=\"high\" decoding=\"async\" width=\"960\" height=\"1280\" src=\"https:\/\/vagarykalon.com\/wp-content\/uploads\/2021\/12\/960x1280_archive.jpg\" class=\"attachment-full size-full wp-image-3612\" alt=\"\" srcset=\"https:\/\/vagarykalon.com\/wp-content\/uploads\/2021\/12\/960x1280_archive.jpg 960w, https:\/\/vagarykalon.com\/wp-content\/uploads\/2021\/12\/960x1280_archive-640x853.jpg 640w, https:\/\/vagarykalon.com\/wp-content\/uploads\/2021\/12\/960x1280_archive-225x300.jpg 225w, https:\/\/vagarykalon.com\/wp-content\/uploads\/2021\/12\/960x1280_archive-768x1024.jpg 768w, https:\/\/vagarykalon.com\/wp-content\/uploads\/2021\/12\/960x1280_archive-660x880.jpg 660w\" sizes=\"(max-width: 960px) 100vw, 960px\" \/><\/span>\n\t\t\t<div class=\"konte-banner__content konte-banner-content--top-left\">\n\t\t\t\t\t\t\t\t\t\t\t\t\t<p class=\"konte-banner__title konte-banner__text\">Archive<\/p>\n\t\t\t\t\t\t\t\t\t\t\t\t\t\t\t\t\t<span class=\"konte-banner__button konte-button button-underline normal underline-small underline-left\" role=\"button\">Entrar<\/span>\n\t\t\t\t\t\t\t<\/div>\n\t\t\t\t\t\t\t<\/a>\n\t\t\t\t\t<\/div>\n\t\t\t\t\t\t<\/div>\n\t\t\t\t<\/div>\n\t\t\t\t<div class=\"elementor-element elementor-element-7956d90 elementor-widget elementor-widget-heading\" data-id=\"7956d90\" data-element_type=\"widget\" data-e-type=\"widget\" data-widget_type=\"heading.default\">\n\t\t\t\t<div class=\"elementor-widget-container\">\n\t\t\t\t\t<p class=\"elementor-heading-title elementor-size-default\"><a href=\"https:\/\/vagarykalon.com\/archive-collection\/\">Lookbook 2022<\/a><\/p>\t\t\t\t<\/div>\n\t\t\t\t<\/div>\n\t\t\t\t\t<\/div>\n\t\t<\/div>\n\t\t\t\t<div class=\"elementor-column elementor-col-33 elementor-top-column elementor-element elementor-element-2752cb7\" data-id=\"2752cb7\" data-element_type=\"column\" data-e-type=\"column\">\n\t\t\t<div class=\"elementor-widget-wrap elementor-element-populated\">\n\t\t\t\t\t\t<div class=\"elementor-element elementor-element-3ec533d elementor-widget elementor-widget-konte-banner\" data-id=\"3ec533d\" data-element_type=\"widget\" data-e-type=\"widget\" data-widget_type=\"konte-banner.default\">\n\t\t\t\t<div class=\"elementor-widget-container\">\n\t\t\t\t\t\t\t<div class=\"konte-banner konte-banner--elementor konte-banner--hover-zoomin konte-banner--content-top-left konte-banner--button-visible-always\">\n\t\t\t\t\t\t\t<a href=\"https:\/\/vagarykalon.com\/es\/talismanic\/\">\n\t\t\t\t\t\t<span class=\"konte-banner__image-wrapper\"><img decoding=\"async\" width=\"960\" height=\"1280\" src=\"https:\/\/vagarykalon.com\/wp-content\/uploads\/2022\/01\/960x1280_talismanic-min.jpg\" class=\"attachment-full size-full wp-image-3824\" alt=\"\" srcset=\"https:\/\/vagarykalon.com\/wp-content\/uploads\/2022\/01\/960x1280_talismanic-min.jpg 960w, https:\/\/vagarykalon.com\/wp-content\/uploads\/2022\/01\/960x1280_talismanic-min-640x853.jpg 640w, https:\/\/vagarykalon.com\/wp-content\/uploads\/2022\/01\/960x1280_talismanic-min-225x300.jpg 225w, https:\/\/vagarykalon.com\/wp-content\/uploads\/2022\/01\/960x1280_talismanic-min-768x1024.jpg 768w, https:\/\/vagarykalon.com\/wp-content\/uploads\/2022\/01\/960x1280_talismanic-min-660x880.jpg 660w\" sizes=\"(max-width: 960px) 100vw, 960px\" \/><\/span>\n\t\t\t<div class=\"konte-banner__content konte-banner-content--top-left\">\n\t\t\t\t\t\t\t\t\t\t\t\t\t<p class=\"konte-banner__title konte-banner__text\">Talismanic<\/p>\n\t\t\t\t\t\t\t\t\t\t\t\t\t\t\t\t\t<span class=\"konte-banner__button konte-button button-underline normal underline-small underline-left\" role=\"button\">Entrar<\/span>\n\t\t\t\t\t\t\t<\/div>\n\t\t\t\t\t\t\t<\/a>\n\t\t\t\t\t<\/div>\n\t\t\t\t\t\t<\/div>\n\t\t\t\t<\/div>\n\t\t\t\t<div class=\"elementor-element elementor-element-fa3e178 elementor-widget elementor-widget-heading\" data-id=\"fa3e178\" data-element_type=\"widget\" data-e-type=\"widget\" data-widget_type=\"heading.default\">\n\t\t\t\t<div class=\"elementor-widget-container\">\n\t\t\t\t\t<p class=\"elementor-heading-title elementor-size-default\"><a href=\"https:\/\/vagarykalon.com\/talismanic\/\">PIEZAS \u00daNICAS<\/a><\/p>\t\t\t\t<\/div>\n\t\t\t\t<\/div>\n\t\t\t\t\t<\/div>\n\t\t<\/div>\n\t\t\t\t<div class=\"elementor-column elementor-col-33 elementor-top-column elementor-element elementor-element-7f8105d\" data-id=\"7f8105d\" data-element_type=\"column\" data-e-type=\"column\">\n\t\t\t<div class=\"elementor-widget-wrap elementor-element-populated\">\n\t\t\t\t\t\t<div class=\"elementor-element elementor-element-ce300d8 elementor-widget elementor-widget-konte-banner\" data-id=\"ce300d8\" data-element_type=\"widget\" data-e-type=\"widget\" data-widget_type=\"konte-banner.default\">\n\t\t\t\t<div class=\"elementor-widget-container\">\n\t\t\t\t\t\t\t<div class=\"konte-banner konte-banner--elementor konte-banner--hover-zoomin konte-banner--content-top-left konte-banner--button-visible-always\">\n\t\t\t\t\t\t\t<a href=\"https:\/\/vagarykalon.com\/es\/venus\">\n\t\t\t\t\t\t<span class=\"konte-banner__image-wrapper\"><img decoding=\"async\" width=\"960\" height=\"1280\" src=\"https:\/\/vagarykalon.com\/wp-content\/uploads\/2022\/02\/960x1280_venus.jpg\" class=\"attachment-full size-full wp-image-4236\" alt=\"\" srcset=\"https:\/\/vagarykalon.com\/wp-content\/uploads\/2022\/02\/960x1280_venus.jpg 960w, https:\/\/vagarykalon.com\/wp-content\/uploads\/2022\/02\/960x1280_venus-640x853.jpg 640w, https:\/\/vagarykalon.com\/wp-content\/uploads\/2022\/02\/960x1280_venus-225x300.jpg 225w, https:\/\/vagarykalon.com\/wp-content\/uploads\/2022\/02\/960x1280_venus-768x1024.jpg 768w, https:\/\/vagarykalon.com\/wp-content\/uploads\/2022\/02\/960x1280_venus-660x880.jpg 660w\" sizes=\"(max-width: 960px) 100vw, 960px\" \/><\/span>\n\t\t\t<div class=\"konte-banner__content konte-banner-content--top-left\">\n\t\t\t\t\t\t\t\t\t\t\t\t\t<p class=\"konte-banner__title konte-banner__text\">Venus<\/p>\n\t\t\t\t\t\t\t\t\t\t\t\t\t\t\t\t\t<span class=\"konte-banner__button konte-button button-underline normal underline-small underline-left\" role=\"button\">Entrar<\/span>\n\t\t\t\t\t\t\t<\/div>\n\t\t\t\t\t\t\t<\/a>\n\t\t\t\t\t<\/div>\n\t\t\t\t\t\t<\/div>\n\t\t\t\t<\/div>\n\t\t\t\t<div class=\"elementor-element elementor-element-8e6bb4e elementor-widget elementor-widget-heading\" data-id=\"8e6bb4e\" data-element_type=\"widget\" data-e-type=\"widget\" data-widget_type=\"heading.default\">\n\t\t\t\t<div class=\"elementor-widget-container\">\n\t\t\t\t\t<p class=\"elementor-heading-title elementor-size-default\"><a href=\"https:\/\/vagarykalon.com\/venus\/\">COLECCI\u00d3N NOVIA<\/a><\/p>\t\t\t\t<\/div>\n\t\t\t\t<\/div>\n\t\t\t\t\t<\/div>\n\t\t<\/div>\n\t\t\t\t\t<\/div>\n\t\t<\/section>\n\t\t\t\t<section class=\"elementor-section elementor-top-section elementor-element elementor-element-c1d3464 elementor-section-boxed elementor-section-height-default elementor-section-height-default wpr-particle-no wpr-jarallax-no wpr-parallax-no wpr-sticky-section-no\" data-id=\"c1d3464\" data-element_type=\"section\" data-e-type=\"section\">\n\t\t\t\t\t\t<div class=\"elementor-container elementor-column-gap-default\">\n\t\t\t\t\t<div class=\"elementor-column elementor-col-100 elementor-top-column elementor-element elementor-element-d3a8b3b\" data-id=\"d3a8b3b\" data-element_type=\"column\" data-e-type=\"column\">\n\t\t\t<div class=\"elementor-widget-wrap elementor-element-populated\">\n\t\t\t\t\t\t<section class=\"elementor-section elementor-inner-section elementor-element elementor-element-8618527 elementor-section-boxed elementor-section-height-default elementor-section-height-default wpr-particle-no wpr-jarallax-no wpr-parallax-no wpr-sticky-section-no\" data-id=\"8618527\" data-element_type=\"section\" data-e-type=\"section\">\n\t\t\t\t\t\t<div class=\"elementor-container elementor-column-gap-default\">\n\t\t\t\t\t<div class=\"elementor-column elementor-col-50 elementor-inner-column elementor-element elementor-element-2bd53c9\" data-id=\"2bd53c9\" data-element_type=\"column\" data-e-type=\"column\">\n\t\t\t<div class=\"elementor-widget-wrap elementor-element-populated\">\n\t\t\t\t\t\t<div class=\"elementor-element elementor-element-790abb5 elementor-widget elementor-widget-text-editor\" data-id=\"790abb5\" data-element_type=\"widget\" data-e-type=\"widget\" data-widget_type=\"text-editor.default\">\n\t\t\t\t<div class=\"elementor-widget-container\">\n\t\t\t\t\t\t\t\t\t<p>Nuestras piezas \u00fanicas est\u00e1n dise\u00f1adas para conectar a nuestras clientas con su ser superior, permiti\u00e9ndoles admirar y disfrutar de su belleza interior.<\/p>\t\t\t\t\t\t\t\t<\/div>\n\t\t\t\t<\/div>\n\t\t\t\t\t<\/div>\n\t\t<\/div>\n\t\t\t\t<div class=\"elementor-column elementor-col-50 elementor-inner-column elementor-element elementor-element-7fdd3c0 elementor-hidden-tablet elementor-hidden-mobile\" data-id=\"7fdd3c0\" data-element_type=\"column\" data-e-type=\"column\">\n\t\t\t<div class=\"elementor-widget-wrap\">\n\t\t\t\t\t\t\t<\/div>\n\t\t<\/div>\n\t\t\t\t\t<\/div>\n\t\t<\/section>\n\t\t\t\t\t<\/div>\n\t\t<\/div>\n\t\t\t\t\t<\/div>\n\t\t<\/section>\n\t\t\t\t<section class=\"elementor-section elementor-top-section elementor-element elementor-element-360212b elementor-section-boxed elementor-section-height-default elementor-section-height-default wpr-particle-no wpr-jarallax-no wpr-parallax-no wpr-sticky-section-no\" data-id=\"360212b\" data-element_type=\"section\" data-e-type=\"section\">\n\t\t\t\t\t\t<div class=\"elementor-container elementor-column-gap-default\">\n\t\t\t\t\t<div class=\"elementor-column elementor-col-100 elementor-top-column elementor-element elementor-element-3d54717\" data-id=\"3d54717\" data-element_type=\"column\" data-e-type=\"column\">\n\t\t\t<div class=\"elementor-widget-wrap elementor-element-populated\">\n\t\t\t\t\t\t<section class=\"elementor-section elementor-inner-section elementor-element elementor-element-4ad5d48 elementor-section-boxed elementor-section-height-default elementor-section-height-default wpr-particle-no wpr-jarallax-no wpr-parallax-no wpr-sticky-section-no\" data-id=\"4ad5d48\" data-element_type=\"section\" data-e-type=\"section\">\n\t\t\t\t\t\t<div class=\"elementor-container elementor-column-gap-default\">\n\t\t\t\t\t<div class=\"elementor-column elementor-col-50 elementor-inner-column elementor-element elementor-element-c9e2a77 elementor-hidden-tablet elementor-hidden-mobile\" data-id=\"c9e2a77\" data-element_type=\"column\" data-e-type=\"column\">\n\t\t\t<div class=\"elementor-widget-wrap\">\n\t\t\t\t\t\t\t<\/div>\n\t\t<\/div>\n\t\t\t\t<div class=\"elementor-column elementor-col-50 elementor-inner-column elementor-element elementor-element-791500e\" data-id=\"791500e\" data-element_type=\"column\" data-e-type=\"column\">\n\t\t\t<div class=\"elementor-widget-wrap elementor-element-populated\">\n\t\t\t\t\t\t<div class=\"elementor-element elementor-element-2dae291 elementor-widget elementor-widget-image\" data-id=\"2dae291\" data-element_type=\"widget\" data-e-type=\"widget\" data-widget_type=\"image.default\">\n\t\t\t\t<div class=\"elementor-widget-container\">\n\t\t\t\t\t\t\t\t\t\t\t\t\t\t\t<img loading=\"lazy\" decoding=\"async\" width=\"270\" height=\"41\" src=\"https:\/\/vagarykalon.com\/wp-content\/uploads\/2022\/01\/atelier-vagary-kalon-1.png\" class=\"attachment-full size-full wp-image-5388\" alt=\"\" \/>\t\t\t\t\t\t\t\t\t\t\t\t\t\t\t<\/div>\n\t\t\t\t<\/div>\n\t\t\t\t<div class=\"elementor-element elementor-element-c13b875 elementor-widget elementor-widget-heading\" data-id=\"c13b875\" data-element_type=\"widget\" data-e-type=\"widget\" data-widget_type=\"heading.default\">\n\t\t\t\t<div class=\"elementor-widget-container\">\n\t\t\t\t\t<p class=\"elementor-heading-title elementor-size-default\">Somos una marca slow-fashion y sanadora con base en Barcelona; nosotros creemos que enfocarse en el mundo material y lo palpable no es suficiente, \u00a1la vida y la belleza son mucho m\u00e1s que eso!<\/p>\t\t\t\t<\/div>\n\t\t\t\t<\/div>\n\t\t\t\t<div class=\"elementor-element elementor-element-6dc9953 elementor-widget elementor-widget-image\" data-id=\"6dc9953\" data-element_type=\"widget\" data-e-type=\"widget\" data-widget_type=\"image.default\">\n\t\t\t\t<div class=\"elementor-widget-container\">\n\t\t\t\t\t\t\t\t\t\t\t\t\t\t\t<img loading=\"lazy\" decoding=\"async\" width=\"270\" height=\"41\" src=\"https:\/\/vagarykalon.com\/wp-content\/uploads\/2022\/01\/atelier-vagary-kalon-1.png\" class=\"attachment-full size-full wp-image-5388\" alt=\"\" \/>\t\t\t\t\t\t\t\t\t\t\t\t\t\t\t<\/div>\n\t\t\t\t<\/div>\n\t\t\t\t\t<\/div>\n\t\t<\/div>\n\t\t\t\t\t<\/div>\n\t\t<\/section>\n\t\t\t\t\t<\/div>\n\t\t<\/div>\n\t\t\t\t\t<\/div>\n\t\t<\/section>\n\t\t\t\t<section class=\"elementor-section elementor-top-section elementor-element elementor-element-6431a5b elementor-section-boxed elementor-section-height-default elementor-section-height-default wpr-particle-no wpr-jarallax-no wpr-parallax-no wpr-sticky-section-no\" data-id=\"6431a5b\" data-element_type=\"section\" data-e-type=\"section\">\n\t\t\t\t\t\t<div class=\"elementor-container elementor-column-gap-default\">\n\t\t\t\t\t<div class=\"elementor-column elementor-col-100 elementor-top-column elementor-element elementor-element-f800f55\" data-id=\"f800f55\" data-element_type=\"column\" data-e-type=\"column\">\n\t\t\t<div class=\"elementor-widget-wrap elementor-element-populated\">\n\t\t\t\t\t\t<section class=\"elementor-section elementor-inner-section elementor-element elementor-element-37ad895 elementor-section-boxed elementor-section-height-default elementor-section-height-default wpr-particle-no wpr-jarallax-no wpr-parallax-no wpr-sticky-section-no\" data-id=\"37ad895\" data-element_type=\"section\" data-e-type=\"section\">\n\t\t\t\t\t\t<div class=\"elementor-container elementor-column-gap-default\">\n\t\t\t\t\t<div class=\"elementor-column elementor-col-50 elementor-inner-column elementor-element elementor-element-5afc852\" data-id=\"5afc852\" data-element_type=\"column\" data-e-type=\"column\">\n\t\t\t<div class=\"elementor-widget-wrap elementor-element-populated\">\n\t\t\t\t\t\t<div class=\"elementor-element elementor-element-584d85e elementor-widget elementor-widget-text-editor\" data-id=\"584d85e\" data-element_type=\"widget\" data-e-type=\"widget\" data-widget_type=\"text-editor.default\">\n\t\t\t\t<div class=\"elementor-widget-container\">\n\t\t\t\t\t\t\t\t\t<p>Es por esto que en un mundo acelerado como el que vivimos preferimos detenernos, respirar y concentrarnos en nuestra misi\u00f3n de escuchar a nuestras clientas y ayudarlas a descubrirse a s\u00ed mismas.<\/p>\t\t\t\t\t\t\t\t<\/div>\n\t\t\t\t<\/div>\n\t\t\t\t\t<\/div>\n\t\t<\/div>\n\t\t\t\t<div class=\"elementor-column elementor-col-50 elementor-inner-column elementor-element elementor-element-dc33fc3 elementor-hidden-tablet elementor-hidden-mobile\" data-id=\"dc33fc3\" data-element_type=\"column\" data-e-type=\"column\">\n\t\t\t<div class=\"elementor-widget-wrap\">\n\t\t\t\t\t\t\t<\/div>\n\t\t<\/div>\n\t\t\t\t\t<\/div>\n\t\t<\/section>\n\t\t\t\t\t<\/div>\n\t\t<\/div>\n\t\t\t\t\t<\/div>\n\t\t<\/section>\n\t\t\t\t<section class=\"elementor-section elementor-top-section elementor-element elementor-element-fa51815 elementor-section-boxed elementor-section-height-default elementor-section-height-default wpr-particle-no wpr-jarallax-no wpr-parallax-no wpr-sticky-section-no\" data-id=\"fa51815\" data-element_type=\"section\" data-e-type=\"section\">\n\t\t\t\t\t\t<div class=\"elementor-container elementor-column-gap-default\">\n\t\t\t\t\t<div class=\"elementor-column elementor-col-100 elementor-top-column elementor-element elementor-element-bbe33b1\" data-id=\"bbe33b1\" data-element_type=\"column\" data-e-type=\"column\">\n\t\t\t<div class=\"elementor-widget-wrap elementor-element-populated\">\n\t\t\t\t\t\t<div class=\"elementor-element elementor-element-bd74382 elementor-widget elementor-widget-text-editor\" data-id=\"bd74382\" data-element_type=\"widget\" data-e-type=\"widget\" data-widget_type=\"text-editor.default\">\n\t\t\t\t<div class=\"elementor-widget-container\">\n\t\t\t\t\t\t\t\t\t<p style=\"text-align: left;\"><span style=\"text-decoration: underline; color: #231e47;\"><a style=\"color: #231e47; text-decoration: underline;\" href=\"https:\/\/vagarykalon.com\/es\/contact-us\/\">Contacta con Nosotros<\/a><\/span><\/p>\t\t\t\t\t\t\t\t<\/div>\n\t\t\t\t<\/div>\n\t\t\t\t\t<\/div>\n\t\t<\/div>\n\t\t\t\t\t<\/div>\n\t\t<\/section>\n\t\t\t\t<section class=\"elementor-section elementor-top-section elementor-element elementor-element-9616ebc elementor-section-boxed elementor-section-height-default elementor-section-height-default wpr-particle-no wpr-jarallax-no wpr-parallax-no wpr-sticky-section-no\" data-id=\"9616ebc\" data-element_type=\"section\" data-e-type=\"section\">\n\t\t\t\t\t\t<div class=\"elementor-container elementor-column-gap-default\">\n\t\t\t\t\t<div class=\"elementor-column elementor-col-100 elementor-top-column elementor-element elementor-element-b19ad03\" data-id=\"b19ad03\" data-element_type=\"column\" data-e-type=\"column\">\n\t\t\t<div class=\"elementor-widget-wrap elementor-element-populated\">\n\t\t\t\t\t\t<div class=\"elementor-element elementor-element-60f4b10 elementor-widget elementor-widget-image\" data-id=\"60f4b10\" data-element_type=\"widget\" data-e-type=\"widget\" data-widget_type=\"image.default\">\n\t\t\t\t<div class=\"elementor-widget-container\">\n\t\t\t\t\t\t\t\t\t\t\t\t\t\t\t<img loading=\"lazy\" decoding=\"async\" width=\"831\" height=\"223\" src=\"https:\/\/vagarykalon.com\/wp-content\/uploads\/2022\/01\/atelier-vagary-kalon-3.png\" class=\"attachment-full size-full wp-image-5389\" alt=\"\" srcset=\"https:\/\/vagarykalon.com\/wp-content\/uploads\/2022\/01\/atelier-vagary-kalon-3.png 831w, https:\/\/vagarykalon.com\/wp-content\/uploads\/2022\/01\/atelier-vagary-kalon-3-640x172.png 640w, https:\/\/vagarykalon.com\/wp-content\/uploads\/2022\/01\/atelier-vagary-kalon-3-300x81.png 300w, https:\/\/vagarykalon.com\/wp-content\/uploads\/2022\/01\/atelier-vagary-kalon-3-768x206.png 768w, https:\/\/vagarykalon.com\/wp-content\/uploads\/2022\/01\/atelier-vagary-kalon-3-660x177.png 660w\" sizes=\"(max-width: 831px) 100vw, 831px\" \/>\t\t\t\t\t\t\t\t\t\t\t\t\t\t\t<\/div>\n\t\t\t\t<\/div>\n\t\t\t\t\t<\/div>\n\t\t<\/div>\n\t\t\t\t\t<\/div>\n\t\t<\/section>\n\t\t\t\t<\/div>\n\t\t","protected":false},"excerpt":{"rendered":"<p>VAGARY KALON ES UN VIAJE EXCLUSIVO E IMPREVISIBLE DE LOS SENTIDOS Y DEL ALMA Archive Entrar Lookbook 2022 Talismanic Entrar PIEZAS \u00daNICAS Venus Entrar COLECCI\u00d3N NOVIA Nuestras piezas \u00fanicas est\u00e1n&hellip;<\/p>\n","protected":false},"author":1,"featured_media":0,"parent":0,"menu_order":0,"comment_status":"closed","ping_status":"closed","template":"elementor_header_footer","meta":{"footnotes":""},"class_list":["post-5565","page","type-page","status-publish","hentry"],"_links":{"self":[{"href":"https:\/\/vagarykalon.com\/es\/wp-json\/wp\/v2\/pages\/5565","targetHints":{"allow":["GET"]}}],"collection":[{"href":"https:\/\/vagarykalon.com\/es\/wp-json\/wp\/v2\/pages"}],"about":[{"href":"https:\/\/vagarykalon.com\/es\/wp-json\/wp\/v2\/types\/page"}],"author":[{"embeddable":true,"href":"https:\/\/vagarykalon.com\/es\/wp-json\/wp\/v2\/users\/1"}],"replies":[{"embeddable":true,"href":"https:\/\/vagarykalon.com\/es\/wp-json\/wp\/v2\/comments?post=5565"}],"version-history":[{"count":15,"href":"https:\/\/vagarykalon.com\/es\/wp-json\/wp\/v2\/pages\/5565\/revisions"}],"predecessor-version":[{"id":6110,"href":"https:\/\/vagarykalon.com\/es\/wp-json\/wp\/v2\/pages\/5565\/revisions\/6110"}],"wp:attachment":[{"href":"https:\/\/vagarykalon.com\/es\/wp-json\/wp\/v2\/media?parent=5565"}],"curies":[{"name":"wp","href":"https:\/\/api.w.org\/{rel}","templated":true}]}}