{"id":5564,"date":"2021-11-17T13:44:46","date_gmt":"2021-11-17T12:44:46","guid":{"rendered":"https:\/\/vagarykalon.com\/archive-collection\/"},"modified":"2026-02-13T20:50:22","modified_gmt":"2026-02-13T19:50:22","slug":"archive-collection","status":"publish","type":"page","link":"https:\/\/vagarykalon.com\/es\/archive-collection\/","title":{"rendered":"Archive Collection"},"content":{"rendered":"\t\t<div data-elementor-type=\"wp-page\" data-elementor-id=\"5564\" class=\"elementor elementor-5564 elementor-3394\">\n\t\t\t\t\t\t<section class=\"elementor-section elementor-top-section elementor-element elementor-element-0037866 elementor-section-full_width elementor-section-stretched elementor-section-height-default elementor-section-height-default wpr-particle-no wpr-jarallax-no wpr-parallax-no wpr-sticky-section-no\" data-id=\"0037866\" data-element_type=\"section\" data-e-type=\"section\" data-settings=\"{&quot;stretch_section&quot;:&quot;section-stretched&quot;}\">\n\t\t\t\t\t\t<div class=\"elementor-container elementor-column-gap-default\">\n\t\t\t\t\t<div class=\"elementor-column elementor-col-100 elementor-top-column elementor-element elementor-element-30c3c76\" data-id=\"30c3c76\" data-element_type=\"column\" data-e-type=\"column\">\n\t\t\t<div class=\"elementor-widget-wrap elementor-element-populated\">\n\t\t\t\t\t\t<div class=\"elementor-element elementor-element-071f1e6 elementor-widget elementor-widget-image\" data-id=\"071f1e6\" data-element_type=\"widget\" data-e-type=\"widget\" data-widget_type=\"image.default\">\n\t\t\t\t<div class=\"elementor-widget-container\">\n\t\t\t\t\t\t\t\t\t\t\t\t\t\t\t<img fetchpriority=\"high\" decoding=\"async\" width=\"1920\" height=\"958\" src=\"https:\/\/vagarykalon.com\/wp-content\/uploads\/2022\/02\/04_VAGARY_ARCHIVE_02.jpg\" class=\"attachment-full size-full wp-image-5444\" alt=\"\" srcset=\"https:\/\/vagarykalon.com\/wp-content\/uploads\/2022\/02\/04_VAGARY_ARCHIVE_02.jpg 1920w, https:\/\/vagarykalon.com\/wp-content\/uploads\/2022\/02\/04_VAGARY_ARCHIVE_02-640x319.jpg 640w, https:\/\/vagarykalon.com\/wp-content\/uploads\/2022\/02\/04_VAGARY_ARCHIVE_02-300x150.jpg 300w, https:\/\/vagarykalon.com\/wp-content\/uploads\/2022\/02\/04_VAGARY_ARCHIVE_02-1024x511.jpg 1024w, https:\/\/vagarykalon.com\/wp-content\/uploads\/2022\/02\/04_VAGARY_ARCHIVE_02-768x383.jpg 768w, https:\/\/vagarykalon.com\/wp-content\/uploads\/2022\/02\/04_VAGARY_ARCHIVE_02-1536x766.jpg 1536w, https:\/\/vagarykalon.com\/wp-content\/uploads\/2022\/02\/04_VAGARY_ARCHIVE_02-660x329.jpg 660w\" sizes=\"(max-width: 1920px) 100vw, 1920px\" \/>\t\t\t\t\t\t\t\t\t\t\t\t\t\t\t<\/div>\n\t\t\t\t<\/div>\n\t\t\t\t\t<\/div>\n\t\t<\/div>\n\t\t\t\t\t<\/div>\n\t\t<\/section>\n\t\t\t\t<section class=\"elementor-section elementor-top-section elementor-element elementor-element-6187b31 elementor-section-boxed elementor-section-height-default elementor-section-height-default wpr-particle-no wpr-jarallax-no wpr-parallax-no wpr-sticky-section-no\" data-id=\"6187b31\" data-element_type=\"section\" data-e-type=\"section\">\n\t\t\t\t\t\t<div class=\"elementor-container elementor-column-gap-default\">\n\t\t\t\t\t<div class=\"elementor-column elementor-col-100 elementor-top-column elementor-element elementor-element-0837ede\" data-id=\"0837ede\" data-element_type=\"column\" data-e-type=\"column\">\n\t\t\t<div class=\"elementor-widget-wrap elementor-element-populated\">\n\t\t\t\t\t\t<div class=\"elementor-element elementor-element-05455ed elementor-widget elementor-widget-image\" data-id=\"05455ed\" data-element_type=\"widget\" data-e-type=\"widget\" data-widget_type=\"image.default\">\n\t\t\t\t<div class=\"elementor-widget-container\">\n\t\t\t\t\t\t\t\t\t\t\t\t\t\t\t<img decoding=\"async\" width=\"213\" height=\"39\" src=\"https:\/\/vagarykalon.com\/wp-content\/uploads\/2022\/02\/04_VAGARY_ARCHIVE_05.jpg\" class=\"attachment-full size-full wp-image-5445\" alt=\"\" \/>\t\t\t\t\t\t\t\t\t\t\t\t\t\t\t<\/div>\n\t\t\t\t<\/div>\n\t\t\t\t\t<\/div>\n\t\t<\/div>\n\t\t\t\t\t<\/div>\n\t\t<\/section>\n\t\t\t\t<section class=\"elementor-section elementor-top-section elementor-element elementor-element-ca3dbd1 elementor-section-boxed elementor-section-height-default elementor-section-height-default wpr-particle-no wpr-jarallax-no wpr-parallax-no wpr-sticky-section-no\" data-id=\"ca3dbd1\" data-element_type=\"section\" data-e-type=\"section\">\n\t\t\t\t\t\t<div class=\"elementor-container elementor-column-gap-default\">\n\t\t\t\t\t<div class=\"elementor-column elementor-col-100 elementor-top-column elementor-element elementor-element-83d3045\" data-id=\"83d3045\" data-element_type=\"column\" data-e-type=\"column\">\n\t\t\t<div class=\"elementor-widget-wrap elementor-element-populated\">\n\t\t\t\t\t\t<div class=\"elementor-element elementor-element-89c83c5 elementor-widget elementor-widget-text-editor\" data-id=\"89c83c5\" data-element_type=\"widget\" data-e-type=\"widget\" data-widget_type=\"text-editor.default\">\n\t\t\t\t<div class=\"elementor-widget-container\">\n\t\t\t\t\t\t\t\t\t<p>LA COLECCI\u00d3N ARCHIVE ES UN CONJUNTO DE PIEZAS UNICAS, TODAS CREADAS CON TEJIDOS NATURALES DE ALTA VIBRACI\u00d3N Y ESTAMPADOS EXCLUSIVOS. <br \/>ESTAN DESAROLLADAS PARA VESTIR PERFECTAMENTE AL CUERPO INTERIOR Y EXTERIOR DE NUESTRAS CLIENTAS.<\/p>\t\t\t\t\t\t\t\t<\/div>\n\t\t\t\t<\/div>\n\t\t\t\t\t<\/div>\n\t\t<\/div>\n\t\t\t\t\t<\/div>\n\t\t<\/section>\n\t\t\t\t<section class=\"elementor-section elementor-top-section elementor-element elementor-element-3781154 elementor-section-boxed elementor-section-height-default elementor-section-height-default wpr-particle-no wpr-jarallax-no wpr-parallax-no wpr-sticky-section-no\" data-id=\"3781154\" data-element_type=\"section\" data-e-type=\"section\">\n\t\t\t\t\t\t<div class=\"elementor-container elementor-column-gap-default\">\n\t\t\t\t\t<div class=\"elementor-column elementor-col-100 elementor-top-column elementor-element elementor-element-bc9d753\" data-id=\"bc9d753\" data-element_type=\"column\" data-e-type=\"column\" data-settings=\"{&quot;background_background&quot;:&quot;classic&quot;}\">\n\t\t\t<div class=\"elementor-widget-wrap elementor-element-populated\">\n\t\t\t\t\t\t<div class=\"elementor-element elementor-element-d182091 elementor-align-center elementor-widget elementor-widget-button\" data-id=\"d182091\" data-element_type=\"widget\" data-e-type=\"widget\" data-widget_type=\"button.default\">\n\t\t\t\t<div class=\"elementor-widget-container\">\n\t\t\t\t\t\t\t\t\t<div class=\"elementor-button-wrapper\">\n\t\t\t\t\t<a class=\"elementor-button elementor-button-link elementor-size-lg\" href=\"https:\/\/vagarykalon.com\/es\/lookbook\/\">\n\t\t\t\t\t\t<span class=\"elementor-button-content-wrapper\">\n\t\t\t\t\t\t\t\t\t<span class=\"elementor-button-text\">Ver la colecci\u00f3n<\/span>\n\t\t\t\t\t<\/span>\n\t\t\t\t\t<\/a>\n\t\t\t\t<\/div>\n\t\t\t\t\t\t\t\t<\/div>\n\t\t\t\t<\/div>\n\t\t\t\t\t<\/div>\n\t\t<\/div>\n\t\t\t\t\t<\/div>\n\t\t<\/section>\n\t\t\t\t<section class=\"elementor-section elementor-top-section elementor-element elementor-element-0d5a0bb elementor-section-boxed elementor-section-height-default elementor-section-height-default wpr-particle-no wpr-jarallax-no wpr-parallax-no wpr-sticky-section-no\" data-id=\"0d5a0bb\" data-element_type=\"section\" data-e-type=\"section\">\n\t\t\t\t\t\t<div class=\"elementor-container elementor-column-gap-default\">\n\t\t\t\t\t<div class=\"elementor-column elementor-col-100 elementor-top-column elementor-element elementor-element-759dd83\" data-id=\"759dd83\" data-element_type=\"column\" data-e-type=\"column\">\n\t\t\t<div class=\"elementor-widget-wrap elementor-element-populated\">\n\t\t\t\t\t\t<div class=\"elementor-element elementor-element-244a72b elementor-widget elementor-widget-image\" data-id=\"244a72b\" data-element_type=\"widget\" data-e-type=\"widget\" data-widget_type=\"image.default\">\n\t\t\t\t<div class=\"elementor-widget-container\">\n\t\t\t\t\t\t\t\t\t\t\t\t\t\t\t<img decoding=\"async\" width=\"213\" height=\"39\" src=\"https:\/\/vagarykalon.com\/wp-content\/uploads\/2022\/02\/04_VAGARY_ARCHIVE_05.jpg\" class=\"attachment-full size-full wp-image-5445\" alt=\"\" \/>\t\t\t\t\t\t\t\t\t\t\t\t\t\t\t<\/div>\n\t\t\t\t<\/div>\n\t\t\t\t\t<\/div>\n\t\t<\/div>\n\t\t\t\t\t<\/div>\n\t\t<\/section>\n\t\t\t\t<section class=\"elementor-section elementor-top-section elementor-element elementor-element-c6c4082 elementor-section-content-middle elementor-section-boxed elementor-section-height-default elementor-section-height-default wpr-particle-no wpr-jarallax-no wpr-parallax-no wpr-sticky-section-no\" data-id=\"c6c4082\" data-element_type=\"section\" data-e-type=\"section\">\n\t\t\t\t\t\t<div class=\"elementor-container elementor-column-gap-default\">\n\t\t\t\t\t<div class=\"elementor-column elementor-col-50 elementor-top-column elementor-element elementor-element-5a97052\" data-id=\"5a97052\" data-element_type=\"column\" data-e-type=\"column\">\n\t\t\t<div class=\"elementor-widget-wrap elementor-element-populated\">\n\t\t\t\t\t\t<div class=\"elementor-element elementor-element-803c650 elementor-widget elementor-widget-image\" data-id=\"803c650\" data-element_type=\"widget\" data-e-type=\"widget\" data-widget_type=\"image.default\">\n\t\t\t\t<div class=\"elementor-widget-container\">\n\t\t\t\t\t\t\t\t\t\t\t\t\t\t\t\t<a href=\"https:\/\/vagarykalon.com\/see-collection-btn\/\">\n\t\t\t\t\t\t\t<img decoding=\"async\" width=\"859\" height=\"742\" src=\"https:\/\/vagarykalon.com\/wp-content\/uploads\/2022\/02\/04_VAGARY_ARCHIVE_11.jpg\" class=\"attachment-full size-full wp-image-5447\" alt=\"\" srcset=\"https:\/\/vagarykalon.com\/wp-content\/uploads\/2022\/02\/04_VAGARY_ARCHIVE_11.jpg 859w, https:\/\/vagarykalon.com\/wp-content\/uploads\/2022\/02\/04_VAGARY_ARCHIVE_11-640x553.jpg 640w, https:\/\/vagarykalon.com\/wp-content\/uploads\/2022\/02\/04_VAGARY_ARCHIVE_11-300x259.jpg 300w, https:\/\/vagarykalon.com\/wp-content\/uploads\/2022\/02\/04_VAGARY_ARCHIVE_11-768x663.jpg 768w, https:\/\/vagarykalon.com\/wp-content\/uploads\/2022\/02\/04_VAGARY_ARCHIVE_11-660x570.jpg 660w\" sizes=\"(max-width: 859px) 100vw, 859px\" \/>\t\t\t\t\t\t\t\t<\/a>\n\t\t\t\t\t\t\t\t\t\t\t\t\t\t\t<\/div>\n\t\t\t\t<\/div>\n\t\t\t\t\t<\/div>\n\t\t<\/div>\n\t\t\t\t<div class=\"elementor-column elementor-col-50 elementor-top-column elementor-element elementor-element-36fa115\" data-id=\"36fa115\" data-element_type=\"column\" data-e-type=\"column\">\n\t\t\t<div class=\"elementor-widget-wrap elementor-element-populated\">\n\t\t\t\t\t\t<div class=\"elementor-element elementor-element-c858542 elementor-widget elementor-widget-text-editor\" data-id=\"c858542\" data-element_type=\"widget\" data-e-type=\"widget\" data-widget_type=\"text-editor.default\">\n\t\t\t\t<div class=\"elementor-widget-container\">\n\t\t\t\t\t\t\t\t\t<p>Cada prenda est\u00e1 divinamente hecha a mano en nuestro atelier en Barcelona y cada combinaci\u00f3n de dise\u00f1o y estampado se produce en pieza unica.<\/p>\t\t\t\t\t\t\t\t<\/div>\n\t\t\t\t<\/div>\n\t\t\t\t\t<\/div>\n\t\t<\/div>\n\t\t\t\t\t<\/div>\n\t\t<\/section>\n\t\t\t\t<section class=\"elementor-section elementor-top-section elementor-element elementor-element-a49d748 elementor-section-boxed elementor-section-height-default elementor-section-height-default wpr-particle-no wpr-jarallax-no wpr-parallax-no wpr-sticky-section-no\" data-id=\"a49d748\" data-element_type=\"section\" data-e-type=\"section\">\n\t\t\t\t\t\t<div class=\"elementor-container elementor-column-gap-default\">\n\t\t\t\t\t<div class=\"elementor-column elementor-col-100 elementor-top-column elementor-element elementor-element-9f55e12\" data-id=\"9f55e12\" data-element_type=\"column\" data-e-type=\"column\">\n\t\t\t<div class=\"elementor-widget-wrap elementor-element-populated\">\n\t\t\t\t\t\t<div class=\"elementor-element elementor-element-e65364b elementor-widget elementor-widget-image\" data-id=\"e65364b\" data-element_type=\"widget\" data-e-type=\"widget\" data-widget_type=\"image.default\">\n\t\t\t\t<div class=\"elementor-widget-container\">\n\t\t\t\t\t\t\t\t\t\t\t\t\t\t\t\t<a href=\"https:\/\/vagarykalon.com\/see-collection-btn\/\">\n\t\t\t\t\t\t\t<img loading=\"lazy\" decoding=\"async\" width=\"1199\" height=\"995\" src=\"https:\/\/vagarykalon.com\/wp-content\/uploads\/2022\/02\/04_VAGARY_ARCHIVE_15.jpg\" class=\"attachment-full size-full wp-image-5448\" alt=\"\" srcset=\"https:\/\/vagarykalon.com\/wp-content\/uploads\/2022\/02\/04_VAGARY_ARCHIVE_15.jpg 1199w, https:\/\/vagarykalon.com\/wp-content\/uploads\/2022\/02\/04_VAGARY_ARCHIVE_15-640x531.jpg 640w, https:\/\/vagarykalon.com\/wp-content\/uploads\/2022\/02\/04_VAGARY_ARCHIVE_15-300x249.jpg 300w, https:\/\/vagarykalon.com\/wp-content\/uploads\/2022\/02\/04_VAGARY_ARCHIVE_15-1024x850.jpg 1024w, https:\/\/vagarykalon.com\/wp-content\/uploads\/2022\/02\/04_VAGARY_ARCHIVE_15-768x637.jpg 768w, https:\/\/vagarykalon.com\/wp-content\/uploads\/2022\/02\/04_VAGARY_ARCHIVE_15-660x548.jpg 660w\" sizes=\"(max-width: 1199px) 100vw, 1199px\" \/>\t\t\t\t\t\t\t\t<\/a>\n\t\t\t\t\t\t\t\t\t\t\t\t\t\t\t<\/div>\n\t\t\t\t<\/div>\n\t\t\t\t\t<\/div>\n\t\t<\/div>\n\t\t\t\t\t<\/div>\n\t\t<\/section>\n\t\t\t\t<section class=\"elementor-section elementor-top-section elementor-element elementor-element-377ad11 elementor-section-content-middle elementor-section-boxed elementor-section-height-default elementor-section-height-default wpr-particle-no wpr-jarallax-no wpr-parallax-no wpr-sticky-section-no\" data-id=\"377ad11\" data-element_type=\"section\" data-e-type=\"section\">\n\t\t\t\t\t\t<div class=\"elementor-container elementor-column-gap-default\">\n\t\t\t\t\t<div class=\"elementor-column elementor-col-50 elementor-top-column elementor-element elementor-element-2c666dd\" data-id=\"2c666dd\" data-element_type=\"column\" data-e-type=\"column\">\n\t\t\t<div class=\"elementor-widget-wrap elementor-element-populated\">\n\t\t\t\t\t\t<div class=\"elementor-element elementor-element-05a31dc elementor-widget elementor-widget-image\" data-id=\"05a31dc\" data-element_type=\"widget\" data-e-type=\"widget\" data-widget_type=\"image.default\">\n\t\t\t\t<div class=\"elementor-widget-container\">\n\t\t\t\t\t\t\t\t\t\t\t\t\t\t\t\t<a href=\"https:\/\/vagarykalon.com\/see-collection-btn\/\">\n\t\t\t\t\t\t\t<img loading=\"lazy\" decoding=\"async\" width=\"757\" height=\"813\" src=\"https:\/\/vagarykalon.com\/wp-content\/uploads\/2022\/02\/04_VAGARY_ARCHIVE_19.jpg\" class=\"attachment-full size-full wp-image-5449\" alt=\"\" srcset=\"https:\/\/vagarykalon.com\/wp-content\/uploads\/2022\/02\/04_VAGARY_ARCHIVE_19.jpg 757w, https:\/\/vagarykalon.com\/wp-content\/uploads\/2022\/02\/04_VAGARY_ARCHIVE_19-640x687.jpg 640w, https:\/\/vagarykalon.com\/wp-content\/uploads\/2022\/02\/04_VAGARY_ARCHIVE_19-279x300.jpg 279w, https:\/\/vagarykalon.com\/wp-content\/uploads\/2022\/02\/04_VAGARY_ARCHIVE_19-660x709.jpg 660w\" sizes=\"(max-width: 757px) 100vw, 757px\" \/>\t\t\t\t\t\t\t\t<\/a>\n\t\t\t\t\t\t\t\t\t\t\t\t\t\t\t<\/div>\n\t\t\t\t<\/div>\n\t\t\t\t\t<\/div>\n\t\t<\/div>\n\t\t\t\t<div class=\"elementor-column elementor-col-50 elementor-top-column elementor-element elementor-element-fc0cb1c\" data-id=\"fc0cb1c\" data-element_type=\"column\" data-e-type=\"column\">\n\t\t\t<div class=\"elementor-widget-wrap elementor-element-populated\">\n\t\t\t\t\t\t<div class=\"elementor-element elementor-element-279d59c elementor-widget elementor-widget-text-editor\" data-id=\"279d59c\" data-element_type=\"widget\" data-e-type=\"widget\" data-widget_type=\"text-editor.default\">\n\t\t\t\t<div class=\"elementor-widget-container\">\n\t\t\t\t\t\t\t\t\t<p>CONECTA CONTIGO MISMA, ELIGE TU MODELO Y TUS COLORES; TU INTUICI\u00d3N TE GUIARA A SENTIR EL QUE MAS TE HACE BRILLAR.<\/p><p><a href=\"https:\/\/vagarykalon.com\/es\/contact-us\/\" target=\"_blank\" rel=\"noopener\"><span style=\"text-decoration: underline;\">CONT\u00c1CTANOS<\/span><\/a>, ESTAREMOS ENCANTADOS DE AYUDARTE A DESCUBRIR LA MAGIA QUE HAY EN CADA VESTIDO.<\/p>\t\t\t\t\t\t\t\t<\/div>\n\t\t\t\t<\/div>\n\t\t\t\t<div class=\"elementor-element elementor-element-9f4501e elementor-widget elementor-widget-text-editor\" data-id=\"9f4501e\" data-element_type=\"widget\" data-e-type=\"widget\" data-widget_type=\"text-editor.default\">\n\t\t\t\t<div class=\"elementor-widget-container\">\n\t\t\t\t\t\t\t\t\t<p>Desde \u20ac 1,800<\/p>\t\t\t\t\t\t\t\t<\/div>\n\t\t\t\t<\/div>\n\t\t\t\t\t<\/div>\n\t\t<\/div>\n\t\t\t\t\t<\/div>\n\t\t<\/section>\n\t\t\t\t<section class=\"elementor-section elementor-top-section elementor-element elementor-element-ffab47b elementor-section-boxed elementor-section-height-default elementor-section-height-default wpr-particle-no wpr-jarallax-no wpr-parallax-no wpr-sticky-section-no\" data-id=\"ffab47b\" data-element_type=\"section\" data-e-type=\"section\">\n\t\t\t\t\t\t<div class=\"elementor-container elementor-column-gap-default\">\n\t\t\t\t\t<div class=\"elementor-column elementor-col-100 elementor-top-column elementor-element elementor-element-1d5073b\" data-id=\"1d5073b\" data-element_type=\"column\" data-e-type=\"column\">\n\t\t\t<div class=\"elementor-widget-wrap elementor-element-populated\">\n\t\t\t\t\t\t<div class=\"elementor-element elementor-element-a38f0b3 elementor-widget elementor-widget-image\" data-id=\"a38f0b3\" data-element_type=\"widget\" data-e-type=\"widget\" data-widget_type=\"image.default\">\n\t\t\t\t<div class=\"elementor-widget-container\">\n\t\t\t\t\t\t\t\t\t\t\t\t\t\t\t<img decoding=\"async\" width=\"213\" height=\"39\" src=\"https:\/\/vagarykalon.com\/wp-content\/uploads\/2022\/02\/04_VAGARY_ARCHIVE_05.jpg\" class=\"attachment-full size-full wp-image-5445\" alt=\"\" \/>\t\t\t\t\t\t\t\t\t\t\t\t\t\t\t<\/div>\n\t\t\t\t<\/div>\n\t\t\t\t\t<\/div>\n\t\t<\/div>\n\t\t\t\t\t<\/div>\n\t\t<\/section>\n\t\t\t\t<section class=\"elementor-section elementor-top-section elementor-element elementor-element-38dba42 elementor-section-boxed elementor-section-height-default elementor-section-height-default wpr-particle-no wpr-jarallax-no wpr-parallax-no wpr-sticky-section-no\" data-id=\"38dba42\" data-element_type=\"section\" data-e-type=\"section\">\n\t\t\t\t\t\t<div class=\"elementor-container elementor-column-gap-default\">\n\t\t\t\t\t<div class=\"elementor-column elementor-col-100 elementor-top-column elementor-element elementor-element-0caafae\" data-id=\"0caafae\" data-element_type=\"column\" data-e-type=\"column\">\n\t\t\t<div class=\"elementor-widget-wrap elementor-element-populated\">\n\t\t\t\t\t\t<div class=\"elementor-element elementor-element-8e0bdf4 elementor-align-center elementor-widget elementor-widget-button\" data-id=\"8e0bdf4\" data-element_type=\"widget\" data-e-type=\"widget\" data-widget_type=\"button.default\">\n\t\t\t\t<div class=\"elementor-widget-container\">\n\t\t\t\t\t\t\t\t\t<div class=\"elementor-button-wrapper\">\n\t\t\t\t\t<a class=\"elementor-button elementor-button-link elementor-size-lg\" href=\"https:\/\/vagarykalon.com\/es\/lookbook\/\">\n\t\t\t\t\t\t<span class=\"elementor-button-content-wrapper\">\n\t\t\t\t\t\t\t\t\t<span class=\"elementor-button-text\">Ver la colecci\u00f3n<\/span>\n\t\t\t\t\t<\/span>\n\t\t\t\t\t<\/a>\n\t\t\t\t<\/div>\n\t\t\t\t\t\t\t\t<\/div>\n\t\t\t\t<\/div>\n\t\t\t\t\t<\/div>\n\t\t<\/div>\n\t\t\t\t\t<\/div>\n\t\t<\/section>\n\t\t\t\t<section class=\"elementor-section elementor-top-section elementor-element elementor-element-085c164 elementor-section-boxed elementor-section-height-default elementor-section-height-default wpr-particle-no wpr-jarallax-no wpr-parallax-no wpr-sticky-section-no\" data-id=\"085c164\" data-element_type=\"section\" data-e-type=\"section\">\n\t\t\t\t\t\t<div class=\"elementor-container elementor-column-gap-default\">\n\t\t\t\t\t<div class=\"elementor-column elementor-col-100 elementor-top-column elementor-element elementor-element-c2ec2c7\" data-id=\"c2ec2c7\" data-element_type=\"column\" data-e-type=\"column\">\n\t\t\t<div class=\"elementor-widget-wrap elementor-element-populated\">\n\t\t\t\t\t\t<div class=\"elementor-element elementor-element-426ec91 elementor-widget elementor-widget-image\" data-id=\"426ec91\" data-element_type=\"widget\" data-e-type=\"widget\" data-widget_type=\"image.default\">\n\t\t\t\t<div class=\"elementor-widget-container\">\n\t\t\t\t\t\t\t\t\t\t\t\t\t\t\t<img decoding=\"async\" width=\"213\" height=\"39\" src=\"https:\/\/vagarykalon.com\/wp-content\/uploads\/2022\/02\/04_VAGARY_ARCHIVE_05.jpg\" class=\"attachment-full size-full wp-image-5445\" alt=\"\" \/>\t\t\t\t\t\t\t\t\t\t\t\t\t\t\t<\/div>\n\t\t\t\t<\/div>\n\t\t\t\t\t<\/div>\n\t\t<\/div>\n\t\t\t\t\t<\/div>\n\t\t<\/section>\n\t\t\t\t<\/div>\n\t\t","protected":false},"excerpt":{"rendered":"<p>LA COLECCI\u00d3N ARCHIVE ES UN CONJUNTO DE PIEZAS UNICAS, TODAS CREADAS CON TEJIDOS NATURALES DE ALTA VIBRACI\u00d3N Y ESTAMPADOS EXCLUSIVOS. ESTAN DESAROLLADAS PARA VESTIR PERFECTAMENTE AL CUERPO INTERIOR Y EXTERIOR&hellip;<\/p>\n","protected":false},"author":1,"featured_media":0,"parent":0,"menu_order":0,"comment_status":"closed","ping_status":"closed","template":"templates\/large-container.php","meta":{"footnotes":""},"class_list":["post-5564","page","type-page","status-publish","hentry"],"_links":{"self":[{"href":"https:\/\/vagarykalon.com\/es\/wp-json\/wp\/v2\/pages\/5564","targetHints":{"allow":["GET"]}}],"collection":[{"href":"https:\/\/vagarykalon.com\/es\/wp-json\/wp\/v2\/pages"}],"about":[{"href":"https:\/\/vagarykalon.com\/es\/wp-json\/wp\/v2\/types\/page"}],"author":[{"embeddable":true,"href":"https:\/\/vagarykalon.com\/es\/wp-json\/wp\/v2\/users\/1"}],"replies":[{"embeddable":true,"href":"https:\/\/vagarykalon.com\/es\/wp-json\/wp\/v2\/comments?post=5564"}],"version-history":[{"count":66,"href":"https:\/\/vagarykalon.com\/es\/wp-json\/wp\/v2\/pages\/5564\/revisions"}],"predecessor-version":[{"id":10389,"href":"https:\/\/vagarykalon.com\/es\/wp-json\/wp\/v2\/pages\/5564\/revisions\/10389"}],"wp:attachment":[{"href":"https:\/\/vagarykalon.com\/es\/wp-json\/wp\/v2\/media?parent=5564"}],"curies":[{"name":"wp","href":"https:\/\/api.w.org\/{rel}","templated":true}]}}